{"id":22630,"date":"2020-11-18T13:25:19","date_gmt":"2020-11-18T13:25:19","guid":{"rendered":"https:\/\/jobsability.ca\/capacite-demploi-canada\/"},"modified":"2025-06-12T20:03:26","modified_gmt":"2025-06-12T20:03:26","slug":"capacite-demploi-canada","status":"publish","type":"page","link":"https:\/\/jobsability.ca\/fr\/","title":{"rendered":"Jobs Ability Canada"},"content":{"rendered":"<div class=\"wpb-content-wrapper\"><p>[vc_row full_width=&#8221;stretch_row_content&#8221; enable_first_overlay=&#8221;true&#8221; first_overlay_opacity=&#8221;100&#8243; first_background_type=&#8221;image&#8221; first_background_image=&#8221;22032&#8243; first_background_position=&#8221;top-right&#8221; first_background_image_size=&#8221;full&#8221; first_background_size=&#8221;cover&#8221; enable_second_overlay=&#8221;true&#8221; second_overlay_opacity=&#8221;90&#8243; second_background_color=&#8221;#34596f&#8221; css=&#8221;.vc_custom_1710174819290{padding-top: 5% !important;padding-bottom: 5% !important;background-position: center !important;background-repeat: no-repeat !important;background-size: cover !important;}&#8221; el_class=&#8221;banner&#8221;][vc_column width=&#8221;1\/2&#8243;][\/vc_column][vc_column width=&#8221;1\/2&#8243;][vc_custom_heading text=&#8221;Connecter les personnes en situation de handicap \u00e0 l&#8217;emploi&#8221; font_container=&#8221;tag:h1|font_size:3rem|text_align:left|color:%23ffffff|line_height:3.6rem&#8221; google_fonts=&#8221;font_family:Raleway%3A100%2C200%2C300%2Cregular%2C500%2C600%2C700%2C800%2C900|font_style:800%20bold%20regular%3A800%3Anormal&#8221; css=&#8221;.vc_custom_1622123307757{padding-right: 10% !important;padding-bottom: 20px !important;}&#8221; el_class=&#8221;shadow&#8221;][vc_column_text el_class=&#8221;left&#8221;]<\/p>\n<p style=\"text-align: left;\"><div class=\"button_align align_left\"><a class=\"button  button_size_2\" href=\"https:\/\/jobsability.ca\/why-hire\"     style=\"background-color:#FFF!important;color:#171D44;\"     title=\"\"><span class=\"button_label\">EMPLOYEURS<\/span><\/a><\/div>\n<div class=\"button_align align_left\"><a class=\"button  button_size_2\" href=\"https:\/\/jobsability.ca\/why-register\/\"     style=\"background-color:#FFF!important;color:#171D44;\"     title=\"\"><span class=\"button_label\">DEMANDEURS D'EMPLOI<\/span><\/a><\/div>\n<p>[\/vc_column_text][vc_btn title=&#8221;D\u00e9j\u00e0 inscrit(e)? Connexion&#8221; style=&#8221;custom&#8221; custom_background=&#8221;#171d44&#8243; custom_text=&#8221;#ffffff&#8221; shape=&#8221;square&#8221; size=&#8221;lg&#8221; link=&#8221;url:https%3A%2F%2Fabi-2.jobsability.ca%2Fauth%2Flogin|title:Log%20In&#8221;][\/vc_column][\/vc_row][vc_row full_width=&#8221;stretch_row&#8221; css=&#8221;.vc_custom_1710175078626{padding-top: 3% !important;padding-bottom: 3% !important;}&#8221;][vc_column][vc_column_text]<\/p>\n<h2 style=\"text-align: center;\">Jobs Ability est une plateforme virtuelle pilot\u00e9e par l&#8217;IA pour les candidats et les employeurs.<\/h2>\n<p>[\/vc_column_text][vc_row_inner equal_height=&#8221;yes&#8221; gap=&#8221;35&#8243;][vc_column_inner width=&#8221;1\/3&#8243; url=&#8221;url:https%3A%2F%2Fjobsability.ca%2Fwhy-register%2F|title:Why%20Register%3F&#8221;][vc_column_text css=&#8221;.vc_custom_1620310681975{padding-top: 40px !important;padding-right: 40px !important;padding-bottom: 40px !important;padding-left: 40px !important;}&#8221; el_class=&#8221;speech-bubble&#8221;]<\/p>\n<h2 style=\"font-size: 30px; color: #171d44; text-align: left; font-family: Raleway; font-weight: 800; font-style: normal;\">Trouver des emplois<\/h2>\n<p>Soyez jumel\u00e9(e) aux offres d\u2019emploi[\/vc_column_text][\/vc_column_inner][vc_column_inner width=&#8221;1\/3&#8243; url=&#8221;url:https%3A%2F%2Fjobsability.ca%2Fwhy-hire%2F|title:Why%20Hire%3F&#8221;][vc_column_text css=&#8221;.vc_custom_1620310696054{padding-top: 40px !important;padding-right: 40px !important;padding-bottom: 40px !important;padding-left: 40px !important;}&#8221; el_class=&#8221;speech-bubble&#8221;]<\/p>\n<h2 style=\"font-size: 30px; color: #171d44; text-align: left; font-family: Raleway; font-weight: 800; font-style: normal;\">Publier des offres d&#8217;emploi<\/h2>\n<p>Rechercher des candidats qualifi\u00e9s et publier des offres d&#8217;emploi[\/vc_column_text][\/vc_column_inner][vc_column_inner width=&#8221;1\/3&#8243; url=&#8221;url:https%3A%2F%2Fabi-2.jobsability.ca%2Fauth%2Flogin|target:_blank&#8221;][vc_column_text css=&#8221;.vc_custom_1620310719271{padding-top: 40px !important;padding-right: 40px !important;padding-bottom: 40px !important;padding-left: 40px !important;}&#8221; el_class=&#8221;speech-bubble&#8221;]<\/p>\n<h2 style=\"font-size: 30px; color: #171d44; text-align: left; font-family: Raleway; font-weight: 800; font-style: normal;\">Cr\u00e9er un profil<\/h2>\n<p>Cr\u00e9ez un profil pour mettre en valeur vos comp\u00e9tences[\/vc_column_text][\/vc_column_inner][\/vc_row_inner][\/vc_column][\/vc_row][vc_row full_width=&#8221;stretch_row&#8221; gap=&#8221;35&#8243; enable_first_overlay=&#8221;true&#8221; first_overlay_opacity=&#8221;100&#8243; first_background_color=&#8221;#171d44&#8243; css=&#8221;.vc_custom_1617722944246{padding-top: 5% !important;padding-bottom: 3% !important;}&#8221;][vc_column width=&#8221;1\/3&#8243;]<div data-id=\"mpc_counter-5669f227fe3ce07\" class=\"mpc-counter mpc-init mpc-transition mpc-waypoint mpc-counter--style_5 mpc-align--left \" ><div class=\"mpc-icon__wrap mpc-icon--middle\"><div data-id=\"mpc_icon-4969f227fe3ce4a\" class=\"mpc-icon mpc-init mpc-transition mpc-effect-none mpc-icon-hover \"><div class=\"mpc-icon-wrap\"><i class=\"mpc-icon-part mpc-regular mpc-transition  etl etl-linegraph\"><\/i><i class=\"mpc-icon-part mpc-hover mpc-transition  etl etl-linegraph\"><\/i><\/div><\/div><\/div><div class=\"mpc-counter__content\"><div class=\"mpc-counter__counter mpc-typography--mpc_preset_5\"><div class=\"mpc-counter--target\" data-options=\"{&quot;useEasing&quot;:true,&quot;value&quot;:27,&quot;initial&quot;:0,&quot;duration&quot;:4,&quot;delay&quot;:0,&quot;decimals&quot;:0,&quot;separator&quot;:&quot;&quot;,&quot;decimal&quot;:&quot;&quot;}\" data-to=\"27\">0<\/div><div class=\"mpc-counter--sizer\">27<\/div><\/div><h3 class=\"mpc-counter__heading mpc-typography--mpc_preset_45\">Pourcentage de Canadiens ayant un handicap<\/h3><\/div><\/div>[\/vc_column][vc_column width=&#8221;1\/3&#8243;]<div data-id=\"mpc_counter-6969f227fe3cea2\" class=\"mpc-counter mpc-init mpc-transition mpc-waypoint mpc-counter--style_5 mpc-align--left \" ><div class=\"mpc-icon__wrap mpc-icon--middle\"><div data-id=\"mpc_icon-3369f227fe3cebe\" class=\"mpc-icon mpc-init mpc-transition mpc-effect-none mpc-icon-hover \"><div class=\"mpc-icon-wrap\"><i class=\"mpc-icon-part mpc-regular mpc-transition  etl etl-presentation\"><\/i><i class=\"mpc-icon-part mpc-hover mpc-transition  etl etl-presentation\"><\/i><\/div><\/div><\/div><div class=\"mpc-counter__content\"><div class=\"mpc-counter__counter mpc-typography--mpc_preset_5\"><div class=\"mpc-counter--target\" data-options=\"{&quot;useEasing&quot;:true,&quot;value&quot;:50,&quot;initial&quot;:0,&quot;duration&quot;:4,&quot;delay&quot;:0,&quot;decimals&quot;:0,&quot;separator&quot;:&quot;&quot;,&quot;decimal&quot;:&quot;&quot;}\" data-to=\"50\">0<\/div><div class=\"mpc-counter--sizer\">50<\/div><\/div><h3 class=\"mpc-counter__heading mpc-typography--mpc_preset_45\">des personnes en situation de handicap ont une \u00e9ducation postsecondaire.<\/h3><\/div><\/div>[\/vc_column][vc_column width=&#8221;1\/3&#8243;]<div data-id=\"mpc_counter-7069f227fe3cef3\" class=\"mpc-counter mpc-init mpc-transition mpc-waypoint mpc-counter--style_5 mpc-align--left \" ><div class=\"mpc-icon__wrap mpc-icon--middle\"><div data-id=\"mpc_icon-7069f227fe3cf04\" class=\"mpc-icon mpc-init mpc-transition mpc-effect-none mpc-icon-hover \"><div class=\"mpc-icon-wrap\"><i class=\"mpc-icon-part mpc-regular mpc-transition  etl etl-bargraph\"><\/i><i class=\"mpc-icon-part mpc-hover mpc-transition  etl etl-bargraph\"><\/i><\/div><\/div><\/div><div class=\"mpc-counter__content\"><div class=\"mpc-counter__counter mpc-typography--mpc_preset_5\"><div class=\"mpc-counter--target\" data-options=\"{&quot;useEasing&quot;:true,&quot;value&quot;:8,&quot;initial&quot;:0,&quot;duration&quot;:4,&quot;delay&quot;:0,&quot;decimals&quot;:0,&quot;separator&quot;:&quot;&quot;,&quot;decimal&quot;:&quot;&quot;}\" data-to=\"8\">0<\/div><div class=\"mpc-counter--sizer\">8<\/div><\/div><h3 class=\"mpc-counter__heading mpc-typography--mpc_preset_45\">Les entreprises inclusives ont huit fois plus de chances d'obtenir de meilleurs r\u00e9sultats commerciaux<\/h3><\/div><\/div>[\/vc_column][\/vc_row][vc_row gap=&#8221;35&#8243; css=&#8221;.vc_custom_1614720903722{padding-top: 40px !important;}&#8221;][vc_column width=&#8221;1\/3&#8243; css=&#8221;.vc_custom_1614720844374{border: 1px solid rgba(0,0,0,0.5) !important;}&#8221;][vc_column_text css=&#8221;.vc_custom_1695749171558{border-top-width: 1px !important;border-right-width: 1px !important;border-bottom-width: 1px !important;border-left-width: 1px !important;padding-top: 20px !important;padding-right: 20px !important;padding-bottom: 20px !important;padding-left: 20px !important;border-left-color: #ffffff !important;border-left-style: solid !important;border-right-color: #ffffff !important;border-right-style: solid !important;border-top-color: #ffffff !important;border-top-style: solid !important;border-bottom-color: #ffffff !important;border-bottom-style: solid !important;}&#8221;]<\/p>\n<h3><strong>Offres d\u2019emploi pour les membres de Jobs Ability<\/strong><\/h3>\n<p><iframe loading=\"lazy\" class=\"fw-iframe\" src=\"https:\/\/feed.mikle.com\/widget\/v2\/143460\/?preloader-text=Loading\" width=\"100%\" height=\"192px\" frameborder=\"0\" scrolling=\"no\"><\/iframe><br \/>\n<a href=\"https:\/\/ourability.jobs\/oden-featured-companies-in-canada\/new-jobs\/\" target=\"_blank\" rel=\"noopener\">Voir tous les emplois de Jobs Ability Canada<\/a>[\/vc_column_text][\/vc_column][vc_column width=&#8221;2\/3&#8243;][vc_column_text css=&#8221;.vc_custom_1632846421432{margin-bottom: 10px !important;padding-top: 60px !important;}&#8221;]<\/p>\n<h2>Jobs Ability est une plateforme virtuelle pilot\u00e9e par l&#8217;IA qui met en relation les demandeurs d&#8217;emploi en situation de handicap et les employeurs.<\/h2>\n<ul>\n<li>Les demandeurs d&#8217;emploi cr\u00e9ent un profil pour pr\u00e9senter leurs comp\u00e9tences professionnelles et re\u00e7oivent des offres d&#8217;emploi correspondant \u00e0 leur profil.<\/li>\n<li><a href=\"https:\/\/jobsability.ca\/fr\/formulaire-dabonnement-a-jobs-ability-canada\/\">Les employeurs recherchent des demandeurs d&#8217;emploi qualifi\u00e9s et publient des offres d&#8217;emploi en s&#8217;abonnant \u00e0 Jobs Ability Canada<\/a>.<\/li>\n<\/ul>\n<p><strong>Pour plus d&#8217;informations, n&#8217;h\u00e9sitez pas \u00e0 <\/strong><a href=\"https:\/\/www.jobsability.ca\/contact\/\">nous contacter.<\/a><\/p>\n<div class=\"button_align align_left\"><a class=\"button  button_size_2 button_theme\" href=\"https:\/\/jobsability.ca\/why-hire\"         title=\"\"><span class=\"button_label\">EMPLOYEURS<\/span><\/a><\/div>\n<div class=\"button_align align_left\"><a class=\"button  button_size_2 button_theme\" href=\"https:\/\/jobsability.ca\/why-register\/\"         title=\"\"><span class=\"button_label\">DEMANDEURS D'EMPLOI<\/span><\/a><\/div>\n[\/vc_column_text][vc_row_inner content_placement=&#8221;middle&#8221; css=&#8221;.vc_custom_1481054720478{margin-right: 0px !important;margin-left: 0px !important;padding-right: 0px !important;padding-bottom: 0px !important;padding-left: 0px !important;}&#8221;][\/vc_row_inner][\/vc_column][\/vc_row][vc_row full_width=&#8221;stretch_row&#8221; gap=&#8221;30&#8243; disable_element=&#8221;yes&#8221; css=&#8221;.vc_custom_1705513531231{background-color: #171d44 !important;}&#8221;][vc_column][vc_column_text]<\/p>\n<h2><span style=\"color: #ffffff;\">Jobs Ability Canada Events<\/span><\/h2>\n<p><span style=\"color: #ffffff;\">[\/vc_column_text][vc_masonry_grid post_type=&#8221;portfolio&#8221; max_items=&#8221;2&#8243; element_width=&#8221;6&#8243; orderby=&#8221;menu_order&#8221; order=&#8221;ASC&#8221; item=&#8221;22218&#8243; grid_id=&#8221;vc_gid:1736787711057-03cf898b-e130-0&#8243; taxonomies=&#8221;450&#8243;][\/vc_column][\/vc_row][vc_row css=&#8221;.vc_custom_1624040714593{padding-top: 40px !important;padding-bottom: 40px !important;}&#8221;][vc_column][vc_column_text]<\/span><\/p>\n<h2>CONSEIL D&#8217;INFORMATION<\/h2>\n<p>Consultez nos derni\u00e8res informations[\/vc_column_text][vc_row_inner][vc_column_inner][vc_masonry_grid post_type=&#8221;portfolio&#8221; max_items=&#8221;3&#8243; gap=&#8221;35&#8243; item=&#8221;22087&#8243; css=&#8221;&#8221; grid_id=&#8221;vc_gid:1736787711059-68b8fc23-095d-3&#8243; taxonomies=&#8221;450&#8243;][vc_masonry_grid post_type=&#8221;post&#8221; max_items=&#8221;2&#8243; gap=&#8221;35&#8243; item=&#8221;22087&#8243; css=&#8221;&#8221; grid_id=&#8221;vc_gid:1736787711060-42d2e7ca-8884-2&#8243;][\/vc_column_inner][\/vc_row_inner][\/vc_column][\/vc_row][vc_row css=&#8221;.vc_custom_1607019792057{padding-right: 35px !important;padding-left: 35px !important;}&#8221;][vc_column][vc_column_text]<iframe loading=\"lazy\" id=\"multi_iframe\" style=\"border: none;\" title=\"Vous ne pouvez pas \u00e9peler l\u2019inclusion sans D\" src=\"https:\/\/www.podbean.com\/media\/player\/multi?playlist=http%3A%2F%2Fplaylist.podbean.com%2F9596273%2Fplaylist_multi.xml&amp;vjs=1&amp;size=315&amp;share=1&amp;fonts=Helvetica&amp;auto=0&amp;download=1&amp;skin=0\" width=\"100%\" height=\"100%\" scrolling=\"no\" allowfullscreen=\"allowfullscreen\"><\/iframe>[\/vc_column_text][\/vc_column][\/vc_row]<\/p>\n<\/div>","protected":false},"excerpt":{"rendered":"<p>[vc_row full_width=&#8221;stretch_row_content&#8221; enable_first_overlay=&#8221;true&#8221; first_overlay_opacity=&#8221;100&#8243; first_background_type=&#8221;image&#8221; first_background_image=&#8221;22032&#8243; first_background_position=&#8221;top-right&#8221; first_background_image_size=&#8221;full&#8221; first_background_size=&#8221;cover&#8221; enable_second_overlay=&#8221;true&#8221; second_overlay_opacity=&#8221;90&#8243; second_background_color=&#8221;#34596f&#8221; css=&#8221;.vc_custom_1710174819290{padding-top: 5% !important;padding-bottom: 5% !important;background-position: center !important;background-repeat: no-repeat !important;background-size: cover !important;}&#8221; el_class=&#8221;banner&#8221;][vc_column width=&#8221;1\/2&#8243;][\/vc_column][vc_column width=&#8221;1\/2&#8243;][vc_custom_heading text=&#8221;Connecter les personnes en situation de handicap \u00e0 l&#8217;emploi&#8221; font_container=&#8221;tag:h1|font_size:3rem|text_align:left|color:%23ffffff|line_height:3.6rem&#8221; google_fonts=&#8221;font_family:Raleway%3A100%2C200%2C300%2Cregular%2C500%2C600%2C700%2C800%2C900|font_style:800%20bold%20regular%3A800%3Anormal&#8221; css=&#8221;.vc_custom_1622123307757{padding-right: 10% !important;padding-bottom: 20px !important;}&#8221; el_class=&#8221;shadow&#8221;][vc_column_text el_class=&#8221;left&#8221;] [\/vc_column_text][vc_btn title=&#8221;D\u00e9j\u00e0 inscrit(e)? Connexion&#8221; style=&#8221;custom&#8221; custom_background=&#8221;#171d44&#8243; custom_text=&#8221;#ffffff&#8221; shape=&#8221;square&#8221; size=&#8221;lg&#8221; link=&#8221;url:https%3A%2F%2Fabi-2.jobsability.ca%2Fauth%2Flogin|title:Log%20In&#8221;][\/vc_column][\/vc_row][vc_row full_width=&#8221;stretch_row&#8221; css=&#8221;.vc_custom_1710175078626{padding-top: 3% !important;padding-bottom: 3% !important;}&#8221;][vc_column][vc_column_text] Jobs Ability est une plateforme virtuelle pilot\u00e9e par l&#8217;IA pour les candidats et les employeurs.<\/p>\n","protected":false},"author":1,"featured_media":0,"parent":0,"menu_order":0,"comment_status":"closed","ping_status":"closed","template":"","meta":{"nf_dc_page":"","footnotes":""},"class_list":["post-22630","page","type-page","status-publish","hentry"],"_links":{"self":[{"href":"https:\/\/jobsability.ca\/fr\/wp-json\/wp\/v2\/pages\/22630","targetHints":{"allow":["GET"]}}],"collection":[{"href":"https:\/\/jobsability.ca\/fr\/wp-json\/wp\/v2\/pages"}],"about":[{"href":"https:\/\/jobsability.ca\/fr\/wp-json\/wp\/v2\/types\/page"}],"author":[{"embeddable":true,"href":"https:\/\/jobsability.ca\/fr\/wp-json\/wp\/v2\/users\/1"}],"replies":[{"embeddable":true,"href":"https:\/\/jobsability.ca\/fr\/wp-json\/wp\/v2\/comments?post=22630"}],"version-history":[{"count":0,"href":"https:\/\/jobsability.ca\/fr\/wp-json\/wp\/v2\/pages\/22630\/revisions"}],"wp:attachment":[{"href":"https:\/\/jobsability.ca\/fr\/wp-json\/wp\/v2\/media?parent=22630"}],"curies":[{"name":"wp","href":"https:\/\/api.w.org\/{rel}","templated":true}]}}