{"id":22631,"date":"2021-10-18T23:32:42","date_gmt":"2021-10-18T23:32:42","guid":{"rendered":"https:\/\/jobsability.ca\/les-entreprises-qui-affichent-sur-jobs-ability-canada-sengagent-intentionnellement-a-embaucher-des-personnes-handicapees\/"},"modified":"2025-06-12T17:44:23","modified_gmt":"2025-06-12T17:44:23","slug":"les-entreprises-qui-affichent-sur-jobs-ability-canada-sengagent-intentionnellement-a-embaucher-des-personnes-handicapees","status":"publish","type":"page","link":"https:\/\/jobsability.ca\/fr\/les-entreprises-qui-affichent-sur-jobs-ability-canada-sengagent-intentionnellement-a-embaucher-des-personnes-handicapees\/","title":{"rendered":"Les entreprises qui publient sur le site de Jobs Ability Canada s&#8217;engagent d\u00e9lib\u00e9r\u00e9ment \u00e0 embaucher des personnes en situation de handicap."},"content":{"rendered":"<div class=\"wpb-content-wrapper\"><p>[vc_row css=&#8221;.vc_custom_1634600360946{padding-top: 5% !important;padding-bottom: 3% !important;}&#8221;][vc_column]<ul class=\"clients clients_ul  clients_image_default\" style=\"\"><li class=\"clients_li\"><div class=\"client_wrapper\"><a target=\"_blank\" href=\"https:\/\/apply.workable.com\/nelson-education\/\" title=\"Nelson Ewin\"><div class=\"gs-wrapper\"><img decoding=\"async\" loading=\"lazy\" width=\"150\" height=\"30\" src=\"https:\/\/jobsability.ca\/wp-content\/uploads\/2025\/03\/NelsonEdwin_duoLogo-2-150x30.png\" class=\"scale-with-grid wp-post-image\" alt=\"\" srcset=\"https:\/\/jobsability.ca\/wp-content\/uploads\/2025\/03\/NelsonEdwin_duoLogo-2-150x30.png 150w, https:\/\/jobsability.ca\/wp-content\/uploads\/2025\/03\/NelsonEdwin_duoLogo-2-300x60.png 300w, https:\/\/jobsability.ca\/wp-content\/uploads\/2025\/03\/NelsonEdwin_duoLogo-2-1024x204.png 1024w, https:\/\/jobsability.ca\/wp-content\/uploads\/2025\/03\/NelsonEdwin_duoLogo-2-768x153.png 768w, https:\/\/jobsability.ca\/wp-content\/uploads\/2025\/03\/NelsonEdwin_duoLogo-2-1536x306.png 1536w, https:\/\/jobsability.ca\/wp-content\/uploads\/2025\/03\/NelsonEdwin_duoLogo-2-501x100.png 501w, https:\/\/jobsability.ca\/wp-content\/uploads\/2025\/03\/NelsonEdwin_duoLogo-2-480x96.png 480w, https:\/\/jobsability.ca\/wp-content\/uploads\/2025\/03\/NelsonEdwin_duoLogo-2.png 1920w\" sizes=\"auto, (max-width:767px) 150px, 150px\" \/><\/div><\/a><\/div><\/li><li class=\"clients_li\"><div class=\"client_wrapper\"><a target=\"_blank\" href=\"https:\/\/www.odenetwork.com\/\" title=\"ODEN\"><div class=\"gs-wrapper\"><img decoding=\"async\" loading=\"lazy\" width=\"150\" height=\"46\" src=\"https:\/\/jobsability.ca\/wp-content\/uploads\/2025\/01\/ODEN-150x46.png\" class=\"scale-with-grid wp-post-image\" alt=\"\" srcset=\"https:\/\/jobsability.ca\/wp-content\/uploads\/2025\/01\/ODEN-150x46.png 150w, https:\/\/jobsability.ca\/wp-content\/uploads\/2025\/01\/ODEN-300x92.png 300w, https:\/\/jobsability.ca\/wp-content\/uploads\/2025\/01\/ODEN-1024x312.png 1024w, https:\/\/jobsability.ca\/wp-content\/uploads\/2025\/01\/ODEN-768x234.png 768w, https:\/\/jobsability.ca\/wp-content\/uploads\/2025\/01\/ODEN-328x100.png 328w, https:\/\/jobsability.ca\/wp-content\/uploads\/2025\/01\/ODEN-480x146.png 480w, https:\/\/jobsability.ca\/wp-content\/uploads\/2025\/01\/ODEN.png 1200w\" sizes=\"auto, (max-width:767px) 150px, 150px\" \/><\/div><\/a><\/div><\/li><li class=\"clients_li\"><div class=\"client_wrapper\"><div class=\"gs-wrapper\"><img decoding=\"async\" loading=\"lazy\" width=\"94\" height=\"75\" src=\"https:\/\/jobsability.ca\/wp-content\/uploads\/2025\/05\/City-of-Hamilton-94x75.jpg\" class=\"scale-with-grid wp-post-image\" alt=\"City of Hamilton\" srcset=\"https:\/\/jobsability.ca\/wp-content\/uploads\/2025\/05\/City-of-Hamilton-94x75.jpg 94w, https:\/\/jobsability.ca\/wp-content\/uploads\/2025\/05\/City-of-Hamilton-125x100.jpg 125w, https:\/\/jobsability.ca\/wp-content\/uploads\/2025\/05\/City-of-Hamilton.jpg 200w\" sizes=\"auto, (max-width:767px) 94px, 94px\" \/><\/div><\/div><\/li><li class=\"clients_li\"><div class=\"client_wrapper\"><a target=\"_blank\" href=\"https:\/\/www.marchofdimes.ca\/en-ca\/getinvolved\/careers\/Pages\/default.aspx\" title=\"La Marche des dix sous du Canada\"><div class=\"gs-wrapper\"><img decoding=\"async\" loading=\"lazy\" width=\"150\" height=\"29\" src=\"https:\/\/jobsability.ca\/wp-content\/uploads\/2023\/09\/March-of-Dimes-Canada-150x29.jpg\" class=\"scale-with-grid wp-post-image\" alt=\"\" srcset=\"https:\/\/jobsability.ca\/wp-content\/uploads\/2023\/09\/March-of-Dimes-Canada-150x29.jpg 150w, https:\/\/jobsability.ca\/wp-content\/uploads\/2023\/09\/March-of-Dimes-Canada-300x59.jpg 300w, https:\/\/jobsability.ca\/wp-content\/uploads\/2023\/09\/March-of-Dimes-Canada-1024x201.jpg 1024w, https:\/\/jobsability.ca\/wp-content\/uploads\/2023\/09\/March-of-Dimes-Canada-768x151.jpg 768w, https:\/\/jobsability.ca\/wp-content\/uploads\/2023\/09\/March-of-Dimes-Canada-510x100.jpg 510w, https:\/\/jobsability.ca\/wp-content\/uploads\/2023\/09\/March-of-Dimes-Canada-480x94.jpg 480w, https:\/\/jobsability.ca\/wp-content\/uploads\/2023\/09\/March-of-Dimes-Canada.jpg 1280w\" sizes=\"auto, (max-width:767px) 150px, 150px\" \/><\/div><\/a><\/div><\/li><li class=\"clients_li\"><div class=\"client_wrapper\"><a target=\"_blank\" href=\"https:\/\/www.michaels.com\/jobs\" title=\"Artistree de Michael\"><div class=\"gs-wrapper\"><img decoding=\"async\" loading=\"lazy\" width=\"150\" height=\"63\" src=\"https:\/\/jobsability.ca\/wp-content\/uploads\/2024\/07\/Artistree-150x63.jpg\" class=\"scale-with-grid wp-post-image\" alt=\"\" srcset=\"https:\/\/jobsability.ca\/wp-content\/uploads\/2024\/07\/Artistree-150x63.jpg 150w, https:\/\/jobsability.ca\/wp-content\/uploads\/2024\/07\/Artistree-300x126.jpg 300w, https:\/\/jobsability.ca\/wp-content\/uploads\/2024\/07\/Artistree-768x322.jpg 768w, https:\/\/jobsability.ca\/wp-content\/uploads\/2024\/07\/Artistree-239x100.jpg 239w, https:\/\/jobsability.ca\/wp-content\/uploads\/2024\/07\/Artistree-480x201.jpg 480w, https:\/\/jobsability.ca\/wp-content\/uploads\/2024\/07\/Artistree.jpg 830w\" sizes=\"auto, (max-width:767px) 150px, 150px\" \/><\/div><\/a><\/div><\/li><li class=\"clients_li\"><div class=\"client_wrapper\"><a target=\"_blank\" href=\"https:\/\/www.kawarthalakes.ca\/en\/index.aspx\" title=\"Ville de Kawartha Lakes\"><div class=\"gs-wrapper\"><img decoding=\"async\" loading=\"lazy\" width=\"150\" height=\"60\" src=\"https:\/\/jobsability.ca\/wp-content\/uploads\/2025\/01\/City-of-Kawartha-Lakes-150x60.png\" class=\"scale-with-grid wp-post-image\" alt=\"\" srcset=\"https:\/\/jobsability.ca\/wp-content\/uploads\/2025\/01\/City-of-Kawartha-Lakes-150x60.png 150w, https:\/\/jobsability.ca\/wp-content\/uploads\/2025\/01\/City-of-Kawartha-Lakes-300x120.png 300w, https:\/\/jobsability.ca\/wp-content\/uploads\/2025\/01\/City-of-Kawartha-Lakes-250x100.png 250w, https:\/\/jobsability.ca\/wp-content\/uploads\/2025\/01\/City-of-Kawartha-Lakes-480x192.png 480w, https:\/\/jobsability.ca\/wp-content\/uploads\/2025\/01\/City-of-Kawartha-Lakes.png 640w\" sizes=\"auto, (max-width:767px) 150px, 150px\" \/><\/div><\/a><\/div><\/li><li class=\"clients_li\"><div class=\"client_wrapper\"><a target=\"_blank\" href=\"https:\/\/jobs.opg.com\/\" title=\"Production d\u2019\u00e9lectricit\u00e9 en Ontario\"><div class=\"gs-wrapper\"><img decoding=\"async\" loading=\"lazy\" width=\"150\" height=\"43\" src=\"https:\/\/jobsability.ca\/wp-content\/uploads\/2023\/06\/OPG-logo_CMYK_NewGreen-150x43.png\" class=\"scale-with-grid wp-post-image\" alt=\"\" srcset=\"https:\/\/jobsability.ca\/wp-content\/uploads\/2023\/06\/OPG-logo_CMYK_NewGreen-150x43.png 150w, https:\/\/jobsability.ca\/wp-content\/uploads\/2023\/06\/OPG-logo_CMYK_NewGreen-300x86.png 300w, https:\/\/jobsability.ca\/wp-content\/uploads\/2023\/06\/OPG-logo_CMYK_NewGreen-1024x294.png 1024w, https:\/\/jobsability.ca\/wp-content\/uploads\/2023\/06\/OPG-logo_CMYK_NewGreen-768x220.png 768w, https:\/\/jobsability.ca\/wp-content\/uploads\/2023\/06\/OPG-logo_CMYK_NewGreen-1536x440.png 1536w, https:\/\/jobsability.ca\/wp-content\/uploads\/2023\/06\/OPG-logo_CMYK_NewGreen-2048x587.png 2048w, https:\/\/jobsability.ca\/wp-content\/uploads\/2023\/06\/OPG-logo_CMYK_NewGreen-349x100.png 349w, https:\/\/jobsability.ca\/wp-content\/uploads\/2023\/06\/OPG-logo_CMYK_NewGreen-480x138.png 480w\" sizes=\"auto, (max-width:767px) 150px, 150px\" \/><\/div><\/a><\/div><\/li><li class=\"clients_li\"><div class=\"client_wrapper\"><a target=\"_blank\" href=\"https:\/\/www.brucepower.com\/\" title=\"Bruce Power\"><div class=\"gs-wrapper\"><img decoding=\"async\" loading=\"lazy\" width=\"150\" height=\"46\" src=\"https:\/\/jobsability.ca\/wp-content\/uploads\/2023\/05\/BrucePower-Logo-Innovation-at-Work-150x46.jpg\" class=\"scale-with-grid wp-post-image\" alt=\"\" srcset=\"https:\/\/jobsability.ca\/wp-content\/uploads\/2023\/05\/BrucePower-Logo-Innovation-at-Work-150x46.jpg 150w, https:\/\/jobsability.ca\/wp-content\/uploads\/2023\/05\/BrucePower-Logo-Innovation-at-Work-300x93.jpg 300w, https:\/\/jobsability.ca\/wp-content\/uploads\/2023\/05\/BrucePower-Logo-Innovation-at-Work-324x100.jpg 324w, https:\/\/jobsability.ca\/wp-content\/uploads\/2023\/05\/BrucePower-Logo-Innovation-at-Work-480x148.jpg 480w, https:\/\/jobsability.ca\/wp-content\/uploads\/2023\/05\/BrucePower-Logo-Innovation-at-Work.jpg 489w\" sizes=\"auto, (max-width:767px) 150px, 150px\" \/><\/div><\/a><\/div><\/li><li class=\"clients_li\"><div class=\"client_wrapper\"><a target=\"_blank\" href=\"https:\/\/www.telesat.com\/\" title=\"T\u00e9l\u00e9sat\"><div class=\"gs-wrapper\"><img decoding=\"async\" loading=\"lazy\" width=\"150\" height=\"21\" src=\"https:\/\/jobsability.ca\/wp-content\/uploads\/2022\/07\/Telesat-150x21.png\" class=\"scale-with-grid wp-post-image\" alt=\"\" srcset=\"https:\/\/jobsability.ca\/wp-content\/uploads\/2022\/07\/Telesat-150x21.png 150w, https:\/\/jobsability.ca\/wp-content\/uploads\/2022\/07\/Telesat-300x42.png 300w, https:\/\/jobsability.ca\/wp-content\/uploads\/2022\/07\/Telesat-480x67.png 480w, https:\/\/jobsability.ca\/wp-content\/uploads\/2022\/07\/Telesat.png 714w\" sizes=\"auto, (max-width:767px) 150px, 150px\" \/><\/div><\/a><\/div><\/li><li class=\"clients_li\"><div class=\"client_wrapper\"><a target=\"_blank\" href=\"https:\/\/can61.dayforcehcm.com\/CandidatePortal\/en-US\/theglobeandmail\" title=\"Le Globe and Mail\"><div class=\"gs-wrapper\"><img decoding=\"async\" loading=\"lazy\" width=\"75\" height=\"75\" src=\"https:\/\/jobsability.ca\/wp-content\/uploads\/2022\/02\/The-Globe-and-Mail-75x75.jpg\" class=\"scale-with-grid wp-post-image\" alt=\"\" srcset=\"https:\/\/jobsability.ca\/wp-content\/uploads\/2022\/02\/The-Globe-and-Mail-75x75.jpg 75w, https:\/\/jobsability.ca\/wp-content\/uploads\/2022\/02\/The-Globe-and-Mail-300x300.jpg 300w, https:\/\/jobsability.ca\/wp-content\/uploads\/2022\/02\/The-Globe-and-Mail-150x150.jpg 150w, https:\/\/jobsability.ca\/wp-content\/uploads\/2022\/02\/The-Globe-and-Mail-768x768.jpg 768w, https:\/\/jobsability.ca\/wp-content\/uploads\/2022\/02\/The-Globe-and-Mail-100x100.jpg 100w, https:\/\/jobsability.ca\/wp-content\/uploads\/2022\/02\/The-Globe-and-Mail-480x480.jpg 480w, https:\/\/jobsability.ca\/wp-content\/uploads\/2022\/02\/The-Globe-and-Mail.jpg 1000w\" sizes=\"auto, (max-width:767px) 75px, 75px\" \/><\/div><\/a><\/div><\/li><li class=\"clients_li\"><div class=\"client_wrapper\"><a target=\"_blank\" href=\"https:\/\/apply.workable.com\/cnibfoundation\/\" title=\"INCA\"><div class=\"gs-wrapper\"><img decoding=\"async\" loading=\"lazy\" width=\"84\" height=\"75\" src=\"https:\/\/jobsability.ca\/wp-content\/uploads\/2022\/02\/CNIB-84x75.jpg\" class=\"scale-with-grid wp-post-image\" alt=\"\" srcset=\"https:\/\/jobsability.ca\/wp-content\/uploads\/2022\/02\/CNIB-84x75.jpg 84w, https:\/\/jobsability.ca\/wp-content\/uploads\/2022\/02\/CNIB-300x268.jpg 300w, https:\/\/jobsability.ca\/wp-content\/uploads\/2022\/02\/CNIB-1024x914.jpg 1024w, https:\/\/jobsability.ca\/wp-content\/uploads\/2022\/02\/CNIB-768x686.jpg 768w, https:\/\/jobsability.ca\/wp-content\/uploads\/2022\/02\/CNIB-1536x1371.jpg 1536w, https:\/\/jobsability.ca\/wp-content\/uploads\/2022\/02\/CNIB-112x100.jpg 112w, https:\/\/jobsability.ca\/wp-content\/uploads\/2022\/02\/CNIB-480x429.jpg 480w, https:\/\/jobsability.ca\/wp-content\/uploads\/2022\/02\/CNIB.jpg 1604w\" sizes=\"auto, (max-width:767px) 84px, 84px\" \/><\/div><\/a><\/div><\/li><li class=\"clients_li\"><div class=\"client_wrapper\"><a target=\"_blank\" href=\"https:\/\/jobs.toronto.ca\/jobsatcity\/\" title=\"Ville de Toronto\"><div class=\"gs-wrapper\"><img decoding=\"async\" loading=\"lazy\" width=\"150\" height=\"64\" src=\"https:\/\/jobsability.ca\/wp-content\/uploads\/2022\/01\/Logo-City-of-Toronto-150x64.jpg\" class=\"scale-with-grid wp-post-image\" alt=\"\" srcset=\"https:\/\/jobsability.ca\/wp-content\/uploads\/2022\/01\/Logo-City-of-Toronto-150x64.jpg 150w, https:\/\/jobsability.ca\/wp-content\/uploads\/2022\/01\/Logo-City-of-Toronto-300x128.jpg 300w, https:\/\/jobsability.ca\/wp-content\/uploads\/2022\/01\/Logo-City-of-Toronto-1024x436.jpg 1024w, https:\/\/jobsability.ca\/wp-content\/uploads\/2022\/01\/Logo-City-of-Toronto-768x327.jpg 768w, https:\/\/jobsability.ca\/wp-content\/uploads\/2022\/01\/Logo-City-of-Toronto-1536x654.jpg 1536w, https:\/\/jobsability.ca\/wp-content\/uploads\/2022\/01\/Logo-City-of-Toronto-235x100.jpg 235w, https:\/\/jobsability.ca\/wp-content\/uploads\/2022\/01\/Logo-City-of-Toronto-480x204.jpg 480w, https:\/\/jobsability.ca\/wp-content\/uploads\/2022\/01\/Logo-City-of-Toronto.jpg 1920w\" sizes=\"auto, (max-width:767px) 150px, 150px\" \/><\/div><\/a><\/div><\/li><li class=\"clients_li\"><div class=\"client_wrapper\"><a target=\"_blank\" href=\"https:\/\/www.iversoft.ca\/\" title=\"Iversoft\"><div class=\"gs-wrapper\"><img decoding=\"async\" loading=\"lazy\" width=\"150\" height=\"69\" src=\"https:\/\/jobsability.ca\/wp-content\/uploads\/2021\/12\/Iversoft-150x69.png\" class=\"scale-with-grid wp-post-image\" alt=\"\" srcset=\"https:\/\/jobsability.ca\/wp-content\/uploads\/2021\/12\/Iversoft-150x69.png 150w, https:\/\/jobsability.ca\/wp-content\/uploads\/2021\/12\/Iversoft-300x138.png 300w, https:\/\/jobsability.ca\/wp-content\/uploads\/2021\/12\/Iversoft-1024x471.png 1024w, https:\/\/jobsability.ca\/wp-content\/uploads\/2021\/12\/Iversoft-768x353.png 768w, https:\/\/jobsability.ca\/wp-content\/uploads\/2021\/12\/Iversoft-1536x707.png 1536w, https:\/\/jobsability.ca\/wp-content\/uploads\/2021\/12\/Iversoft-2048x942.png 2048w, https:\/\/jobsability.ca\/wp-content\/uploads\/2021\/12\/Iversoft-217x100.png 217w, https:\/\/jobsability.ca\/wp-content\/uploads\/2021\/12\/Iversoft-480x221.png 480w\" sizes=\"auto, (max-width:767px) 150px, 150px\" \/><\/div><\/a><\/div><\/li><li class=\"clients_li\"><div class=\"client_wrapper\"><a target=\"_blank\" href=\"https:\/\/makeitfable.com\/\" title=\"Fable\"><div class=\"gs-wrapper\"><img decoding=\"async\" loading=\"lazy\" width=\"150\" height=\"45\" src=\"https:\/\/jobsability.ca\/wp-content\/uploads\/2021\/12\/Fable-150x45.png\" class=\"scale-with-grid wp-post-image\" alt=\"\" srcset=\"https:\/\/jobsability.ca\/wp-content\/uploads\/2021\/12\/Fable-150x45.png 150w, https:\/\/jobsability.ca\/wp-content\/uploads\/2021\/12\/Fable-300x90.png 300w, https:\/\/jobsability.ca\/wp-content\/uploads\/2021\/12\/Fable-768x230.png 768w, https:\/\/jobsability.ca\/wp-content\/uploads\/2021\/12\/Fable-334x100.png 334w, https:\/\/jobsability.ca\/wp-content\/uploads\/2021\/12\/Fable-480x144.png 480w, https:\/\/jobsability.ca\/wp-content\/uploads\/2021\/12\/Fable.png 1010w\" sizes=\"auto, (max-width:767px) 150px, 150px\" \/><\/div><\/a><\/div><\/li><li class=\"clients_li\"><div class=\"client_wrapper\"><a target=\"_blank\" href=\"https:\/\/www.thebrick.com\/\" title=\"La brique\"><div class=\"gs-wrapper\"><img decoding=\"async\" loading=\"lazy\" width=\"150\" height=\"31\" src=\"https:\/\/jobsability.ca\/wp-content\/uploads\/2021\/12\/The-Brick-Logo-Web-150x31.png\" class=\"scale-with-grid wp-post-image\" alt=\"\" srcset=\"https:\/\/jobsability.ca\/wp-content\/uploads\/2021\/12\/The-Brick-Logo-Web-150x31.png 150w, https:\/\/jobsability.ca\/wp-content\/uploads\/2021\/12\/The-Brick-Logo-Web.png 160w\" sizes=\"auto, (max-width:767px) 150px, 150px\" \/><\/div><\/a><\/div><\/li><li class=\"clients_li\"><div class=\"client_wrapper\"><a target=\"_blank\" href=\"https:\/\/danielshomes.ca\/\" title=\"Daniels\"><div class=\"gs-wrapper\"><img decoding=\"async\" loading=\"lazy\" width=\"133\" height=\"75\" src=\"https:\/\/jobsability.ca\/wp-content\/uploads\/2021\/12\/Daniels-Logo-133x75.png\" class=\"scale-with-grid wp-post-image\" alt=\"\" srcset=\"https:\/\/jobsability.ca\/wp-content\/uploads\/2021\/12\/Daniels-Logo-133x75.png 133w, https:\/\/jobsability.ca\/wp-content\/uploads\/2021\/12\/Daniels-Logo.png 175w\" sizes=\"auto, (max-width:767px) 133px, 133px\" \/><\/div><\/a><\/div><\/li><li class=\"clients_li\"><div class=\"client_wrapper\"><a target=\"_blank\" href=\"https:\/\/www.rogers.com\/\" title=\"Rogers\"><div class=\"gs-wrapper\"><img decoding=\"async\" loading=\"lazy\" width=\"150\" height=\"30\" src=\"https:\/\/jobsability.ca\/wp-content\/uploads\/2021\/12\/Rogers_tm_rgbWeb-150x30.png\" class=\"scale-with-grid wp-post-image\" alt=\"\" srcset=\"https:\/\/jobsability.ca\/wp-content\/uploads\/2021\/12\/Rogers_tm_rgbWeb-150x30.png 150w, https:\/\/jobsability.ca\/wp-content\/uploads\/2021\/12\/Rogers_tm_rgbWeb.png 175w\" sizes=\"auto, (max-width:767px) 150px, 150px\" \/><\/div><\/a><\/div><\/li><li class=\"clients_li\"><div class=\"client_wrapper\"><a target=\"_blank\" href=\"https:\/\/www.travelerscanada.ca\/\" title=\"Voyageurs\"><div class=\"gs-wrapper\"><img decoding=\"async\" loading=\"lazy\" width=\"150\" height=\"31\" src=\"https:\/\/jobsability.ca\/wp-content\/uploads\/2021\/12\/trav_1797KWeb-150x31.png\" class=\"scale-with-grid wp-post-image\" alt=\"\" srcset=\"https:\/\/jobsability.ca\/wp-content\/uploads\/2021\/12\/trav_1797KWeb-150x31.png 150w, https:\/\/jobsability.ca\/wp-content\/uploads\/2021\/12\/trav_1797KWeb.png 175w\" sizes=\"auto, (max-width:767px) 150px, 150px\" \/><\/div><\/a><\/div><\/li><\/ul>\n[\/vc_column][\/vc_row][vc_row][vc_column][vc_btn title=&#8221;D\u00e9couvrez comment votre entreprise peut s\u2019abonner d\u00e8s aujourd\u2019hui!&#8221; style=&#8221;custom&#8221; custom_background=&#8221;#171d44&#8243; custom_text=&#8221;#ffffff&#8221; shape=&#8221;square&#8221; size=&#8221;lg&#8221; align=&#8221;center&#8221; link=&#8221;url:https%3A%2F%2Fjobsability.ca%2Fsubscription-benefits%2F&#8221;][\/vc_column][\/vc_row]<\/p>\n<\/div>","protected":false},"excerpt":{"rendered":"<p>[vc_row css=&#8221;.vc_custom_1634600360946{padding-top: 5% !important;padding-bottom: 3% !important;}&#8221;][vc_column][\/vc_column][\/vc_row][vc_row][vc_column][vc_btn title=&#8221;D\u00e9couvrez comment votre entreprise peut s\u2019abonner d\u00e8s aujourd\u2019hui!&#8221; style=&#8221;custom&#8221; custom_background=&#8221;#171d44&#8243; custom_text=&#8221;#ffffff&#8221; shape=&#8221;square&#8221; size=&#8221;lg&#8221; align=&#8221;center&#8221; link=&#8221;url:https%3A%2F%2Fjobsability.ca%2Fsubscription-benefits%2F&#8221;][\/vc_column][\/vc_row]<\/p>\n","protected":false},"author":2,"featured_media":0,"parent":0,"menu_order":0,"comment_status":"closed","ping_status":"closed","template":"","meta":{"nf_dc_page":"","footnotes":""},"class_list":["post-22631","page","type-page","status-publish","hentry"],"_links":{"self":[{"href":"https:\/\/jobsability.ca\/fr\/wp-json\/wp\/v2\/pages\/22631","targetHints":{"allow":["GET"]}}],"collection":[{"href":"https:\/\/jobsability.ca\/fr\/wp-json\/wp\/v2\/pages"}],"about":[{"href":"https:\/\/jobsability.ca\/fr\/wp-json\/wp\/v2\/types\/page"}],"author":[{"embeddable":true,"href":"https:\/\/jobsability.ca\/fr\/wp-json\/wp\/v2\/users\/2"}],"replies":[{"embeddable":true,"href":"https:\/\/jobsability.ca\/fr\/wp-json\/wp\/v2\/comments?post=22631"}],"version-history":[{"count":0,"href":"https:\/\/jobsability.ca\/fr\/wp-json\/wp\/v2\/pages\/22631\/revisions"}],"wp:attachment":[{"href":"https:\/\/jobsability.ca\/fr\/wp-json\/wp\/v2\/media?parent=22631"}],"curies":[{"name":"wp","href":"https:\/\/api.w.org\/{rel}","templated":true}]}}