{"id":22632,"date":"2021-05-11T18:23:44","date_gmt":"2021-05-11T18:23:44","guid":{"rendered":"https:\/\/jobsability.ca\/evenements\/"},"modified":"2025-06-12T17:42:25","modified_gmt":"2025-06-12T17:42:25","slug":"evenements","status":"publish","type":"page","link":"https:\/\/jobsability.ca\/fr\/evenements\/","title":{"rendered":"\u00c9V\u00c9NEMENTS"},"content":{"rendered":"<div class=\"wpb-content-wrapper\"><p>[vc_row css=&#8221;.vc_custom_1620757610355{padding-top: 5% !important;padding-bottom: 3% !important;}&#8221;][vc_column][vc_column_text]<\/p>\n<h2>\u00c9v\u00e9nements actualit\u00e9<\/h2>\n<p>[\/vc_column_text][vc_masonry_grid post_type=&#8221;portfolio&#8221; max_items=&#8221;10&#8243; element_width=&#8221;6&#8243; orderby=&#8221;menu_order&#8221; order=&#8221;ASC&#8221; item=&#8221;22203&#8243; grid_id=&#8221;vc_gid:1674078517712-2ba85030-3387-6&#8243; taxonomies=&#8221;450&#8243;][\/vc_column][\/vc_row][vc_row css=&#8221;.vc_custom_1620757610355{padding-top: 5% !important;padding-bottom: 3% !important;}&#8221;][vc_column][vc_column_text]<\/p>\n<h2>\u00c9v\u00e9nements pass\u00e9s<\/h2>\n<p>[\/vc_column_text][vc_masonry_grid post_type=&#8221;portfolio&#8221; max_items=&#8221;10&#8243; element_width=&#8221;6&#8243; item=&#8221;22203&#8243; grid_id=&#8221;vc_gid:1674078517713-e67bbd4d-9a12-1&#8243; taxonomies=&#8221;453&#8243;][\/vc_column][\/vc_row]<\/p>\n<\/div>","protected":false},"excerpt":{"rendered":"<p>[vc_row css=&#8221;.vc_custom_1620757610355{padding-top: 5% !important;padding-bottom: 3% !important;}&#8221;][vc_column][vc_column_text] \u00c9v\u00e9nements actualit\u00e9 [\/vc_column_text][vc_masonry_grid post_type=&#8221;portfolio&#8221; max_items=&#8221;10&#8243; element_width=&#8221;6&#8243; orderby=&#8221;menu_order&#8221; order=&#8221;ASC&#8221; item=&#8221;22203&#8243; grid_id=&#8221;vc_gid:1674078517712-2ba85030-3387-6&#8243; taxonomies=&#8221;450&#8243;][\/vc_column][\/vc_row][vc_row css=&#8221;.vc_custom_1620757610355{padding-top: 5% !important;padding-bottom: 3% !important;}&#8221;][vc_column][vc_column_text] \u00c9v\u00e9nements pass\u00e9s [\/vc_column_text][vc_masonry_grid post_type=&#8221;portfolio&#8221; max_items=&#8221;10&#8243; element_width=&#8221;6&#8243; item=&#8221;22203&#8243; grid_id=&#8221;vc_gid:1674078517713-e67bbd4d-9a12-1&#8243; taxonomies=&#8221;453&#8243;][\/vc_column][\/vc_row]<\/p>\n","protected":false},"author":4,"featured_media":0,"parent":0,"menu_order":0,"comment_status":"closed","ping_status":"closed","template":"","meta":{"nf_dc_page":"","footnotes":""},"class_list":["post-22632","page","type-page","status-publish","hentry"],"_links":{"self":[{"href":"https:\/\/jobsability.ca\/fr\/wp-json\/wp\/v2\/pages\/22632","targetHints":{"allow":["GET"]}}],"collection":[{"href":"https:\/\/jobsability.ca\/fr\/wp-json\/wp\/v2\/pages"}],"about":[{"href":"https:\/\/jobsability.ca\/fr\/wp-json\/wp\/v2\/types\/page"}],"author":[{"embeddable":true,"href":"https:\/\/jobsability.ca\/fr\/wp-json\/wp\/v2\/users\/4"}],"replies":[{"embeddable":true,"href":"https:\/\/jobsability.ca\/fr\/wp-json\/wp\/v2\/comments?post=22632"}],"version-history":[{"count":0,"href":"https:\/\/jobsability.ca\/fr\/wp-json\/wp\/v2\/pages\/22632\/revisions"}],"wp:attachment":[{"href":"https:\/\/jobsability.ca\/fr\/wp-json\/wp\/v2\/media?parent=22632"}],"curies":[{"name":"wp","href":"https:\/\/api.w.org\/{rel}","templated":true}]}}