{"id":22633,"date":"2021-02-19T20:27:02","date_gmt":"2021-02-19T20:27:02","guid":{"rendered":"https:\/\/jobsability.ca\/formation-dact\/"},"modified":"2025-06-12T17:05:36","modified_gmt":"2025-06-12T17:05:36","slug":"formation-dact","status":"publish","type":"page","link":"https:\/\/jobsability.ca\/fr\/formation-dact\/","title":{"rendered":"Formation \u00e0 la sensibilisation et \u00e0 la confiance en mati\u00e8re de handicap (DACT)"},"content":{"rendered":"","protected":false},"excerpt":{"rendered":"","protected":false},"author":2,"featured_media":0,"parent":0,"menu_order":0,"comment_status":"closed","ping_status":"closed","template":"","meta":{"nf_dc_page":"","footnotes":""},"class_list":["post-22633","page","type-page","status-publish","hentry"],"_links":{"self":[{"href":"https:\/\/jobsability.ca\/fr\/wp-json\/wp\/v2\/pages\/22633","targetHints":{"allow":["GET"]}}],"collection":[{"href":"https:\/\/jobsability.ca\/fr\/wp-json\/wp\/v2\/pages"}],"about":[{"href":"https:\/\/jobsability.ca\/fr\/wp-json\/wp\/v2\/types\/page"}],"author":[{"embeddable":true,"href":"https:\/\/jobsability.ca\/fr\/wp-json\/wp\/v2\/users\/2"}],"replies":[{"embeddable":true,"href":"https:\/\/jobsability.ca\/fr\/wp-json\/wp\/v2\/comments?post=22633"}],"version-history":[{"count":0,"href":"https:\/\/jobsability.ca\/fr\/wp-json\/wp\/v2\/pages\/22633\/revisions"}],"wp:attachment":[{"href":"https:\/\/jobsability.ca\/fr\/wp-json\/wp\/v2\/media?parent=22633"}],"curies":[{"name":"wp","href":"https:\/\/api.w.org\/{rel}","templated":true}]}}