{"id":22640,"date":"2021-02-19T20:27:27","date_gmt":"2021-02-19T20:27:27","guid":{"rendered":"https:\/\/jobsability.ca\/mentorat-pour-les-personnes-handicapees\/"},"modified":"2026-01-09T21:19:29","modified_gmt":"2026-01-09T21:19:29","slug":"mentorat-pour-les-personnes-handicapees","status":"publish","type":"page","link":"https:\/\/jobsability.ca\/fr\/mentorat-pour-les-personnes-handicapees\/","title":{"rendered":"Mentorat pour les personnes en situation de handicap"},"content":{"rendered":"<div class=\"wpb-content-wrapper\"><p>[vc_row gap=&#8221;30&#8243; css=&#8221;.vc_custom_1618504183923{padding-top: 5% !important;padding-bottom: 3% !important;}&#8221;][vc_column][vc_column_text css=&#8221;&#8221;]<span style=\"font-weight: 400;\"><img decoding=\"async\" loading=\"lazy\" class=\"alignnone wp-image-22502 size-medium\" src=\"https:\/\/jobsability.ca\/wp-content\/uploads\/2024\/11\/CASEHub-ON_EN-300x139.png\" alt=\"CASE MentorAbility Logo\" width=\"300\" height=\"139\"><\/span><\/p>\n<p><strong>Une initiative de mentorat visant \u00e0 accro\u00eetre les possibilit\u00e9s d&#8217;emploi pour les personnes en situation de handicap.<\/strong><\/p>\n<hr class=\"\" style=\"margin:0 auto 30px;\"\/>\n\n<p><strong>Qu&#8217;est-ce que MentorAbility?<\/strong><\/p>\n<p>Initiative nationale visant \u00e0 promouvoir l&#8217;emploi des personnes en situation de handicap dans les communaut\u00e9s \u00e0 travers le Canada. MentorAbility est une exp\u00e9rience de mentorat d&#8217;une journ\u00e9e ou d&#8217;une demi-journ\u00e9e dans le cadre de laquelle des demandeurs d&#8217;emploi en situation de handicap sont mis en relation avec des mentors individuels afin d&#8217;explorer les possibilit\u00e9s de carri\u00e8re. <\/p>\n<p><strong>Comment \u00e7a fonctionne?<\/strong><\/p>\n<p>Les bureaux de coordination provinciaux aident les coordonnateurs communautaires locaux \u00e0 mettre en place un r\u00e9seau d&#8217;organisations collaboratives qui mettront en relation les demandeurs d&#8217;emploi (mentor\u00e9s) et les employeurs (mentors) et faciliteront les exp\u00e9riences de mentorat.<\/p>\n<p><strong>Qui peut \u00eatre mentor?<\/strong><\/p>\n<p>Tout chef d&#8217;entreprise d\u00e9sireux de rencontrer un demandeur d&#8217;emploi en situation de handicap motiv\u00e9 est invit\u00e9 \u00e0 devenir mentor. Les mentors sont des professionnels qui travaillent dans des entreprises de la r\u00e9gion et qui peuvent consacrer une journ\u00e9e ou une demi-journ\u00e9e \u00e0 leur mentor\u00e9. MentorHabilet\u00e9s donne aux employeurs la possibilit\u00e9 de reconna\u00eetre les talents et le potentiel, de puiser dans un r\u00e9servoir de futurs employ\u00e9s potentiels, de faire preuve de leadership au sein de la communaut\u00e9 et d&#8217;accro\u00eetre les possibilit\u00e9s d&#8217;emploi pour les personnes en situation de handicap. Les employeurs peuvent s&#8217;impliquer en partageant les avantages du mentorat et en encourageant leur \u00e9quipe \u00e0 devenir des mentors.   <\/p>\n<p><strong>Qui peut \u00eatre mentor\u00e9? <\/strong><\/p>\n<p>Les demandeurs d&#8217;emploi qui d\u00e9clarent leur handicap sont invit\u00e9s \u00e0 soumettre leur candidature \u00e0 leur coordinateur local, qui facilitera les possibilit\u00e9s de placement. La seule condition pour participer est d&#8217;avoir un d\u00e9sir fort et sinc\u00e8re de travailler au sein de la communaut\u00e9. <\/p>\n<p><strong>Qui peut \u00eatre coordonnateur local?<\/strong><\/p>\n<p>Toute personne ou organisation d\u00e9sireuse d&#8217;accro\u00eetre les possibilit\u00e9s d&#8217;emploi pour les personnes en situation de handicap est invit\u00e9e \u00e0 poser sa candidature.<\/p>\n<p><strong>Comment s&#8217;impliquer?<\/strong><\/p>\n<p>Communiquez avec votre bureau de coordination provincial de MentorAbility pour discuter de la fa\u00e7on dont vous pouvez participer au projet MentorAbility Canada.<\/p>\n<p>Contacts des bureaux de coordination de l&#8217;Ontario :<\/p>\n<p>Kiersten Smith<br \/>\nMentorAbility \u2013<br \/>\n\u2013 Coordinatrice des bureaux de coordination de l\u2019Ontario<br \/>\nR\u00e9seau ontarien pour l\u2019emploi des personnes handicap\u00e9es (ODEN),<br \/>p. 866-280-6336, poste 116<br \/>\n<a class=\"ms-outlook-linkify\" href=\"mailto:ksmith@odenetwork.com\" data-ogsc=\"\">ksmith@odenetwork.com<\/a><\/p>\n<p>Lisa Livingston, Directrice r\u00e9gionale des services de l&#8217;emploi<br \/>\nMarche des dix sous Canada, p. 866-380-0758, poste 262<br \/>\n<a href=\"mailto:llivingston@marchofdimes.ca\">llivingston@marchofdimes.ca<\/a><\/p>\n<p>Explorez les bureaux de coordination de MentorHabilet\u00e9s et prenez contact avec le bureau dans votre r\u00e9gion ici <a href=\"https:\/\/www.supportedemployment.ca\/initiatives\/mentorability\/#connect-with-hubs\">https:\/\/www.supportedemployment.ca\/initiatives\/mentorability\/#connect-with-hubs<\/a>[\/vc_column_text][\/vc_column][\/vc_row]<\/p>\n<\/div>","protected":false},"excerpt":{"rendered":"<p>[vc_row gap=&#8221;30&#8243; css=&#8221;.vc_custom_1618504183923{padding-top: 5% !important;padding-bottom: 3% !important;}&#8221;][vc_column][vc_column_text css=&#8221;&#8221;] Une initiative de mentorat visant \u00e0 accro\u00eetre les possibilit\u00e9s d&#8217;emploi pour les personnes en situation de handicap. Qu&#8217;est-ce que MentorAbility? Initiative nationale visant \u00e0 promouvoir l&#8217;emploi des personnes en situation de handicap dans les communaut\u00e9s \u00e0 travers le Canada. MentorAbility est une exp\u00e9rience de mentorat d&#8217;une journ\u00e9e ou d&#8217;une demi-journ\u00e9e dans le cadre de laquelle des demandeurs d&#8217;emploi en situation de handicap sont mis en relation avec<\/p>\n","protected":false},"author":2,"featured_media":0,"parent":0,"menu_order":0,"comment_status":"closed","ping_status":"closed","template":"","meta":{"nf_dc_page":"","footnotes":""},"class_list":["post-22640","page","type-page","status-publish","hentry"],"_links":{"self":[{"href":"https:\/\/jobsability.ca\/fr\/wp-json\/wp\/v2\/pages\/22640","targetHints":{"allow":["GET"]}}],"collection":[{"href":"https:\/\/jobsability.ca\/fr\/wp-json\/wp\/v2\/pages"}],"about":[{"href":"https:\/\/jobsability.ca\/fr\/wp-json\/wp\/v2\/types\/page"}],"author":[{"embeddable":true,"href":"https:\/\/jobsability.ca\/fr\/wp-json\/wp\/v2\/users\/2"}],"replies":[{"embeddable":true,"href":"https:\/\/jobsability.ca\/fr\/wp-json\/wp\/v2\/comments?post=22640"}],"version-history":[{"count":0,"href":"https:\/\/jobsability.ca\/fr\/wp-json\/wp\/v2\/pages\/22640\/revisions"}],"wp:attachment":[{"href":"https:\/\/jobsability.ca\/fr\/wp-json\/wp\/v2\/media?parent=22640"}],"curies":[{"name":"wp","href":"https:\/\/api.w.org\/{rel}","templated":true}]}}