{"id":22655,"date":"2021-04-15T15:50:32","date_gmt":"2021-04-15T15:50:32","guid":{"rendered":"https:\/\/jobsability.ca\/pourquoi-sinscrire\/"},"modified":"2025-06-12T17:41:11","modified_gmt":"2025-06-12T17:41:11","slug":"pourquoi-sinscrire","status":"publish","type":"page","link":"https:\/\/jobsability.ca\/fr\/pourquoi-sinscrire\/","title":{"rendered":"Pourquoi s\u2019inscrire?"},"content":{"rendered":"<div class=\"wpb-content-wrapper\"><p>[vc_row full_width=&#8221;stretch_row&#8221; gap=&#8221;35&#8243; content_placement=&#8221;middle&#8221; enable_first_overlay=&#8221;true&#8221; first_overlay_opacity=&#8221;100&#8243; first_background_type=&#8221;image&#8221; first_background_image=&#8221;22033&#8243; first_background_position=&#8221;bottom-right&#8221; first_background_image_size=&#8221;full&#8221; first_background_size=&#8221;cover&#8221; enable_second_overlay=&#8221;true&#8221; second_overlay_opacity=&#8221;90&#8243; second_background_color=&#8221;#34596f&#8221; css=&#8221;.vc_custom_1620766528579{padding-top: 7% !important;padding-bottom: 5% !important;}&#8221;][vc_column][vc_column_text]<\/p>\n<h2><span style=\"color: #ffffff;\">Pourquoi s\u2019inscrire \u00e0 Jobs Ability Canada?<\/span><\/h2>\n<p><span style=\"color: #ffffff;\">Jobs Ability Canada est une plateforme d&#8217;emploi en ligne exclusive cr\u00e9\u00e9e par et pour les personnes en situation de handicap. Un employeur qui affiche ses annonces sur le site de Jobs Ability Canada fait preuve d&#8217;un engagement intentionnel en faveur d&#8217;un recrutement qui tient compte des besoins des personnes en situation de handicap. <\/span><\/p>\n<p><span style=\"color: #ffffff;\">Jobs Ability Canada est gratuit. Vous pouvez trouver et postuler \u00e0 des emplois dans votre r\u00e9gion. En vous inscrivant et en cr\u00e9ant un profil, vous permettez aux entreprises de vous contacter directement.  <\/span>[\/vc_column_text][\/vc_column][\/vc_row][vc_row gap=&#8221;35&#8243; equal_height=&#8221;yes&#8221; css=&#8221;.vc_custom_1620764540605{padding-top: 5% !important;padding-bottom: 3% !important;}&#8221;][vc_column width=&#8221;2\/3&#8243;][vc_video link=&#8221;https:\/\/ourability.wistia.com\/medias\/jr9sh0opvm&#8221; align=&#8221;center&#8221;][\/vc_column][vc_column width=&#8221;1\/3&#8243;][vc_custom_heading text=&#8221;COMMENT IDENTIFIER VOS COMP\u00c9TENCES PROFESSIONNELLES&#8221; font_container=&#8221;tag:h2|text_align:left|color:%2334596f&#8221; google_fonts=&#8221;font_family:Raleway%3A100%2C200%2C300%2Cregular%2C500%2C600%2C700%2C800%2C900|font_style:800%20bold%20regular%3A800%3Anormal&#8221;][vc_column_text]<span style=\"font-weight: 400;\">Regardez une courte vid\u00e9o de d\u00e9monstration sur les avantages de la cr\u00e9ation d&#8217;un profil.<\/span>[\/vc_column_text][\/vc_column][\/vc_row][vc_section full_width=&#8221;stretch_row_content&#8221; css=&#8221;.vc_custom_1618256448967{padding-top: 5% !important;padding-bottom: 3% !important;background-color: #34596f !important;}&#8221;][vc_row full_width=&#8221;stretch_row_content&#8221; equal_height=&#8221;yes&#8221;][vc_column width=&#8221;1\/2&#8243; css=&#8221;.vc_custom_1618254383324{margin-top: 5% !important;margin-right: 5% !important;margin-bottom: 10% !important;margin-left: 10% !important;padding-top: 0px !important;padding-right: 0px !important;padding-bottom: 0px !important;padding-left: 0px !important;background-color: #ffffff !important;}&#8221;][vc_column_text css=&#8221;.vc_custom_1624992830241{padding-top: 40px !important;padding-right: 40px !important;padding-bottom: 20px !important;padding-left: 40px !important;}&#8221;]<\/p>\n<h3><b>Avantages du profil<\/b><\/h3>\n<hr>\n<p>En vous inscrivant \u00e0 Jobs Ability Canada, vous pouvez :<\/p>\n<div class=\"list_item lists_4 clearfix\"><div class=\"circle\">1<\/div><div class=\"list_right\"><div class=\"desc\">Mettre en valeur vos aptitudes, vos comp\u00e9tences, vos centres d&#8217;int\u00e9r\u00eat et votre formation afin que les employeurs puissent vous trouver facilement.<\/div><\/div><\/div>\n<br \/>\n<div class=\"list_item lists_4 clearfix\"><div class=\"circle\">2<\/div><div class=\"list_right\"><div class=\"desc\">\u00catre automatiquement mis(e) en relation avec des employeurs qui recherchent vos aptitudes, vos comp\u00e9tences et vos centres d&#8217;int\u00e9r\u00eat.<\/div><\/div><\/div>\n<br \/>\n<div class=\"list_item lists_4 clearfix\"><div class=\"circle\">3<\/div><div class=\"list_right\"><div class=\"desc\">Jobs Ability peut vous montrer les emplois disponibles dans votre r\u00e9gion lorsque vous ajoutez votre emplacement g\u00e9ographique.<\/div><\/div><\/div>\n<br \/>\n<div class=\"list_item lists_4 clearfix\"><div class=\"circle\">4<\/div><div class=\"list_right\"><div class=\"desc\">Jobs Ability en apprend davantage sur vous au fur et \u00e0 mesure que vous compl\u00e9tez votre profil. L&#8217;IA est con\u00e7ue pour vous permettre de trouver plus facilement l&#8217;emploi id\u00e9al. <\/div><\/div><\/div>\n[\/vc_column_text][\/vc_column][vc_column width=&#8221;1\/2&#8243; css=&#8221;.vc_custom_1618254389155{margin-top: 5% !important;margin-right: 10% !important;margin-bottom: 10% !important;margin-left: 5% !important;padding-top: 0px !important;padding-right: 0px !important;padding-bottom: 0px !important;padding-left: 0px !important;background-color: #ffffff !important;}&#8221;][vc_column_text css=&#8221;.vc_custom_1624992845959{padding-top: 40px !important;padding-right: 40px !important;padding-bottom: 20px !important;padding-left: 40px !important;}&#8221; el_class=&#8221;sublist&#8221;]<\/p>\n<h3><strong>Processus de recherche en 3 \u00e9tapes  <\/strong><\/h3>\n<hr>\n<p>Votre recherche d\u2019emploi peut se faire en 3 \u00e9tapes faciles!<\/p>\n<div class=\"list_item lists_4 clearfix\"><div class=\"circle\">1<\/div><div class=\"list_right\"><div class=\"desc\">\u00ab Abi \u00bb, le robot de conversation, vous posera des questions qui vous aideront \u00e0 \u00e9tablir votre profil.<\/div><\/div><\/div>\n<br \/>\n<div class=\"list_item lists_4 clearfix\"><div class=\"circle\">2<\/div><div class=\"list_right\"><div class=\"desc\">Ajoutez vos aptitudes, vos comp\u00e9tences, vos int\u00e9r\u00eats et votre formation \u00e0 votre profil et commencez \u00e0 voir les offres d&#8217;emploi qui correspondent \u00e0 vos crit\u00e8res.<\/div><\/div><\/div>\n<br \/>\n<div class=\"list_item lists_4 clearfix\"><div class=\"circle\">3<\/div><div class=\"list_right\"><div class=\"desc\">Lorsqu&#8217;une offre d&#8217;emploi est identifi\u00e9e, l&#8217;employeur en est inform\u00e9, ce qui vous met directement en contact un employeur qui recherche des talents comme le v\u00f4tre!<\/div><\/div><\/div>\n[\/vc_column_text][\/vc_column][\/vc_row][vc_row full_width=&#8221;stretch_row&#8221;][vc_column][vc_column_text]<\/p>\n<h3 style=\"text-align: center;\"><span style=\"color: #ffffff;\">Entrez en contact avec des employeurs \u00e0 la recherche de vos talents!<\/span><\/h3>\n<p>[\/vc_column_text][vc_btn title=&#8221;COMMENCER&#8221; style=&#8221;outline&#8221; shape=&#8221;square&#8221; color=&#8221;white&#8221; align=&#8221;center&#8221; link=&#8221;url:https%3A%2F%2Fabi-2.jobsability.ca%2Fauth%2Flogin|target:_blank&#8221;][\/vc_column][\/vc_row][\/vc_section]<\/p>\n<\/div>","protected":false},"excerpt":{"rendered":"<p>[vc_row full_width=&#8221;stretch_row&#8221; gap=&#8221;35&#8243; content_placement=&#8221;middle&#8221; enable_first_overlay=&#8221;true&#8221; first_overlay_opacity=&#8221;100&#8243; first_background_type=&#8221;image&#8221; first_background_image=&#8221;22033&#8243; first_background_position=&#8221;bottom-right&#8221; first_background_image_size=&#8221;full&#8221; first_background_size=&#8221;cover&#8221; enable_second_overlay=&#8221;true&#8221; second_overlay_opacity=&#8221;90&#8243; second_background_color=&#8221;#34596f&#8221; css=&#8221;.vc_custom_1620766528579{padding-top: 7% !important;padding-bottom: 5% !important;}&#8221;][vc_column][vc_column_text] Pourquoi s\u2019inscrire \u00e0 Jobs Ability Canada? Jobs Ability Canada est une plateforme d&#8217;emploi en ligne exclusive cr\u00e9\u00e9e par et pour les personnes en situation de handicap. Un employeur qui affiche ses annonces sur le site de Jobs Ability Canada fait preuve d&#8217;un engagement intentionnel en faveur d&#8217;un recrutement qui tient compte des besoins des personnes en<\/p>\n","protected":false},"author":2,"featured_media":0,"parent":0,"menu_order":0,"comment_status":"closed","ping_status":"closed","template":"","meta":{"nf_dc_page":"","footnotes":""},"class_list":["post-22655","page","type-page","status-publish","hentry"],"_links":{"self":[{"href":"https:\/\/jobsability.ca\/fr\/wp-json\/wp\/v2\/pages\/22655","targetHints":{"allow":["GET"]}}],"collection":[{"href":"https:\/\/jobsability.ca\/fr\/wp-json\/wp\/v2\/pages"}],"about":[{"href":"https:\/\/jobsability.ca\/fr\/wp-json\/wp\/v2\/types\/page"}],"author":[{"embeddable":true,"href":"https:\/\/jobsability.ca\/fr\/wp-json\/wp\/v2\/users\/2"}],"replies":[{"embeddable":true,"href":"https:\/\/jobsability.ca\/fr\/wp-json\/wp\/v2\/comments?post=22655"}],"version-history":[{"count":0,"href":"https:\/\/jobsability.ca\/fr\/wp-json\/wp\/v2\/pages\/22655\/revisions"}],"wp:attachment":[{"href":"https:\/\/jobsability.ca\/fr\/wp-json\/wp\/v2\/media?parent=22655"}],"curies":[{"name":"wp","href":"https:\/\/api.w.org\/{rel}","templated":true}]}}