{"id":22659,"date":"2016-05-03T18:09:03","date_gmt":"2016-05-03T18:09:03","guid":{"rendered":"https:\/\/jobsability.ca\/formulaire-dabonnement-a-jobs-ability-canada\/"},"modified":"2025-06-12T15:30:48","modified_gmt":"2025-06-12T15:30:48","slug":"formulaire-dabonnement-a-jobs-ability-canada","status":"publish","type":"page","link":"https:\/\/jobsability.ca\/fr\/formulaire-dabonnement-a-jobs-ability-canada\/","title":{"rendered":"Formulaire d\u2019abonnement \u00e0 Jobs Ability Canada"},"content":{"rendered":"<div class=\"wpb-content-wrapper\"><p>[vc_row css=&#8221;.vc_custom_1743192941187{padding-top: 5% !important;}&#8221;][vc_column][vc_column_text css=&#8221;&#8221;]<\/p>\n<h3>Niveaux d\u2019abonnement<\/h3>\n<table style=\"height: 100%; width: 100%;\">\n<thead>\n<tr style=\"height: 30px; background: #EAECF8;\">\n<th><\/th>\n<th>\n<h3>Petites entreprises<\/h3>\n<\/th>\n<th>\n<h3>Organisme \u00e0 but non lucratif<\/h3>\n<\/th>\n<th>\n<h3>Provincial<\/h3>\n<\/th>\n<th>\n<h3>Nationale<\/h3>\n<\/th>\n<\/tr>\n<\/thead>\n<tbody>\n<tr>\n<td>\n<h4><strong>Annuellement<\/strong><\/h4>\n<\/td>\n<td style=\"text-align: center;\">Tarifs personnalis\u00e9s &#8211; nous contacter<\/td>\n<td style=\"text-align: center;\">5 000 $<\/td>\n<td style=\"text-align: center;\">7 500 $<\/td>\n<td style=\"text-align: center;\">10 000 $<\/td>\n<\/tr>\n<tr>\n<td>\n<h4><strong>Trimestriellement<\/strong><\/h4>\n<\/td>\n<td style=\"text-align: center;\">Tarifs personnalis\u00e9s &#8211; nous contacter<\/td>\n<td style=\"text-align: center;\">1 375 $<\/td>\n<td style=\"text-align: center;\">2 063 $<\/td>\n<td style=\"text-align: center;\">2 750 $<\/td>\n<\/tr>\n<tr>\n<td>\n<h4><strong>Mensuellement<\/strong><\/h4>\n<\/td>\n<td style=\"text-align: center;\">Tarifs personnalis\u00e9s &#8211; nous contacter<\/td>\n<td>\n<p style=\"text-align: center;\">500 $<\/p>\n<\/td>\n<td style=\"text-align: center;\">750 $<\/td>\n<td style=\"text-align: center;\">1 000 $<\/td>\n<\/tr>\n<\/tbody>\n<\/table>\n<p>*Tous les abonnements donnent droit \u00e0 un nombre illimit\u00e9 d&#8217;offres d&#8217;emploi.[\/vc_column_text][\/vc_column][\/vc_row][vc_row css=&#8221;.vc_custom_1620316459325{margin-top: 5% !important;margin-bottom: 40px !important;border-top-width: 1px !important;border-right-width: 1px !important;border-bottom-width: 1px !important;border-left-width: 1px !important;padding-right: 20px !important;padding-left: 20px !important;border-left-color: #171d44 !important;border-left-style: solid !important;border-right-color: #171d44 !important;border-right-style: solid !important;border-top-color: #171d44 !important;border-top-style: solid !important;border-bottom-color: #171d44 !important;border-bottom-style: solid !important;}&#8221;][vc_column][vc_column_text css=&#8221;&#8221;]<\/p>\n<h4>Abonnez-vous maintenant<\/h4>\n<p>[\/vc_column_text]\n<div class=\"wpcf7 no-js\" id=\"wpcf7-f22784-o1\" lang=\"fr-FR\" dir=\"ltr\" data-wpcf7-id=\"22784\">\n<div class=\"screen-reader-response\"><p role=\"status\" aria-live=\"polite\" aria-atomic=\"true\"><\/p> <ul><\/ul><\/div>\n<form action=\"\/fr\/wp-json\/wp\/v2\/pages\/22659#wpcf7-f22784-o1\" method=\"post\" class=\"wpcf7-form init\" aria-label=\"Contact form\" enctype=\"multipart\/form-data\" novalidate=\"novalidate\" data-status=\"init\">\n<fieldset class=\"hidden-fields-container\"><input type=\"hidden\" name=\"_wpcf7\" value=\"22784\" \/><input type=\"hidden\" name=\"_wpcf7_version\" value=\"6.1.5\" \/><input type=\"hidden\" name=\"_wpcf7_locale\" value=\"fr_FR\" \/><input type=\"hidden\" name=\"_wpcf7_unit_tag\" value=\"wpcf7-f22784-o1\" \/><input type=\"hidden\" name=\"_wpcf7_container_post\" value=\"0\" \/><input type=\"hidden\" name=\"_wpcf7_posted_data_hash\" value=\"\" \/><input type=\"hidden\" name=\"_wpcf7_recaptcha_response\" value=\"\" \/>\n<\/fieldset>\n<p>[r\u00e9ponse]\n<\/p>\n<div class=\"column one-second\">\n\t<p><label for=\"Business Name\"><strong>Nom de l\u2019entreprise (obligatoire)<\/strong><br \/>\n<span class=\"wpcf7-form-control-wrap\" data-name=\"BusinessName\"><input size=\"40\" maxlength=\"400\" class=\"wpcf7-form-control wpcf7-text wpcf7-validates-as-required column one-second\" aria-required=\"true\" aria-invalid=\"false\" value=\"\" type=\"text\" name=\"BusinessName\" \/><\/span><\/label>\n\t<\/p>\n<\/div>\n<div class=\"column one-second\">\n\t<p><label for=\"Business Number\"><strong>Num\u00e9ro d\u2019entreprise (obligatoire)<\/strong><br \/>\n<span class=\"wpcf7-form-control-wrap\" data-name=\"BusinessNumber\"><input size=\"40\" maxlength=\"400\" class=\"wpcf7-form-control wpcf7-text wpcf7-validates-as-required column one-second\" aria-required=\"true\" aria-invalid=\"false\" value=\"\" type=\"text\" name=\"BusinessNumber\" \/><\/span><\/label>\n\t<\/p>\n<\/div>\n<div class=\"column one-second\">\n\t<p><label for=\"Primary Contact\"><strong>Contact principal (obligatoire)<\/strong><br \/>\n[text* Espace r\u00e9serv\u00e9 PrimaryContact \"<br>Pr\u00e9nom et nom de famille\"]<\/label>\n\t<\/p>\n<\/div>\n<div class=\"column one-second\">\n\t<p><label for=\"Primary Contact Email\"><strong>Courriel du contact principal (obligatoire)<\/strong><br \/>\n<span class=\"wpcf7-form-control-wrap\" data-name=\"PrimaryContactEmail\"><input size=\"40\" maxlength=\"400\" class=\"wpcf7-form-control wpcf7-email wpcf7-validates-as-required wpcf7-text wpcf7-validates-as-email\" aria-required=\"true\" aria-invalid=\"false\" value=\"\" type=\"email\" name=\"PrimaryContactEmail\" \/><\/span><\/label>\n\t<\/p>\n<\/div>\n<div class=\"column one-second\">\n\t<p><label for=\"Phone number\"><strong>Num\u00e9ro de t\u00e9l\u00e9phone<\/strong><br \/>\n<span class=\"wpcf7-form-control-wrap\" data-name=\"Phonenumber\"><input size=\"40\" maxlength=\"400\" class=\"wpcf7-form-control wpcf7-tel wpcf7-text wpcf7-validates-as-tel\" aria-invalid=\"false\" value=\"\" type=\"tel\" name=\"Phonenumber\" \/><\/span><\/label>\n\t<\/p>\n<\/div>\n<div class=\"column one-second\">\n\t<p><label for=\"Secondary Contact\"><strong>Courriel du contact secondaire<\/strong><br \/>\n<span class=\"wpcf7-form-control-wrap\" data-name=\"SecondaryContact\"><input size=\"40\" maxlength=\"400\" class=\"wpcf7-form-control wpcf7-text\" aria-invalid=\"false\" placeholder=\"Pr\u00e9nom et nom de famille&lt;br&gt;\" value=\"\" type=\"text\" name=\"SecondaryContact\" \/><\/span><\/label>\n\t<\/p>\n<\/div>\n<div class=\"column one-second\">\n\t<p><label for=\"Secondary Contact Email\"><strong>Courriel du contact secondaire<\/strong><br \/>\n<span class=\"wpcf7-form-control-wrap\" data-name=\"SecondaryContactEmail\"><input size=\"40\" maxlength=\"400\" class=\"wpcf7-form-control wpcf7-email wpcf7-text wpcf7-validates-as-email\" aria-invalid=\"false\" value=\"\" type=\"email\" name=\"SecondaryContactEmail\" \/><\/span><\/label>\n\t<\/p>\n<\/div>\n<div class=\"column one-second\">\n\t<p><label for=\"Secondary Contact Phone number\"><strong>Num\u00e9ro de t\u00e9l\u00e9phone du contact secondaire<\/strong><br \/>\n<span class=\"wpcf7-form-control-wrap\" data-name=\"Secondarycontactphonenumber\"><input size=\"40\" maxlength=\"400\" class=\"wpcf7-form-control wpcf7-tel wpcf7-text wpcf7-validates-as-tel\" aria-invalid=\"false\" value=\"\" type=\"tel\" name=\"Secondarycontactphonenumber\" \/><\/span><\/label>\n\t<\/p>\n<\/div>\n<div class=\"column one-second\">\n\t<p><label for=\"Business Website\"><strong>Site Web de l\u2019entreprise (obligatoire)<\/strong><br \/>\n<span class=\"wpcf7-form-control-wrap\" data-name=\"BusinessWebsite\"><input size=\"40\" maxlength=\"400\" class=\"wpcf7-form-control wpcf7-url wpcf7-validates-as-required wpcf7-text wpcf7-validates-as-url\" aria-required=\"true\" aria-invalid=\"false\" value=\"\" type=\"url\" name=\"BusinessWebsite\" \/><\/span><\/label>\n\t<\/p>\n<\/div>\n<div class=\"column one-second\">\n\t<p><label for=\"Street Address\"><strong>Adresse (obligatoire)<\/strong><br \/>\n<span class=\"wpcf7-form-control-wrap\" data-name=\"StreetAddress\"><input size=\"40\" maxlength=\"400\" class=\"wpcf7-form-control wpcf7-text wpcf7-validates-as-required column one-second\" aria-required=\"true\" aria-invalid=\"false\" value=\"\" type=\"text\" name=\"StreetAddress\" \/><\/span><\/label>\n\t<\/p>\n<\/div>\n<div class=\"column one-second\">\n\t<p><label for=\"Province Postal Code\"><strong>Province et code postal (obligatoire)<\/strong><br \/>\n<span class=\"wpcf7-form-control-wrap\" data-name=\"ProvincePostalCode\"><input size=\"40\" maxlength=\"400\" class=\"wpcf7-form-control wpcf7-text wpcf7-validates-as-required column one-second\" aria-required=\"true\" aria-invalid=\"false\" value=\"\" type=\"text\" name=\"ProvincePostalCode\" \/><\/span><\/label>\n\t<\/p>\n<\/div>\n<div class=\"column one\">\n<\/div>\n<div class=\"column one-second\">\n\t<p><strong>Dans quelle(s) province(s) ou territoire(s) votre entreprise exerce-t-elle ses activit\u00e9s (cochez toutes les cases correspondantes)?<\/strong><br \/>\n<span class=\"wpcf7-form-control-wrap\" data-name=\"Regions\"><span class=\"wpcf7-form-control wpcf7-checkbox\"><span class=\"wpcf7-list-item first\"><label><input type=\"checkbox\" name=\"Regions[]\" value=\"Alberta\" \/><span class=\"wpcf7-list-item-label\">Alberta<\/span><\/label><\/span><span class=\"wpcf7-list-item\"><label><input type=\"checkbox\" name=\"Regions[]\" value=\"Colombie-Britannique\" \/><span class=\"wpcf7-list-item-label\">Colombie-Britannique<\/span><\/label><\/span><span class=\"wpcf7-list-item\"><label><input type=\"checkbox\" name=\"Regions[]\" value=\"Manitoba\" \/><span class=\"wpcf7-list-item-label\">Manitoba<\/span><\/label><\/span><span class=\"wpcf7-list-item\"><label><input type=\"checkbox\" name=\"Regions[]\" value=\"Nouveau-Brunswick\" \/><span class=\"wpcf7-list-item-label\">Nouveau-Brunswick<\/span><\/label><\/span><span class=\"wpcf7-list-item\"><label><input type=\"checkbox\" name=\"Regions[]\" value=\"Terre-Neuve-et-Labrador\" \/><span class=\"wpcf7-list-item-label\">Terre-Neuve-et-Labrador<\/span><\/label><\/span><span class=\"wpcf7-list-item\"><label><input type=\"checkbox\" name=\"Regions[]\" value=\"Territoiresdu Nord-Ouest\" \/><span class=\"wpcf7-list-item-label\">Territoiresdu Nord-Ouest<\/span><\/label><\/span><span class=\"wpcf7-list-item\"><label><input type=\"checkbox\" name=\"Regions[]\" value=\"Nouvelle-\u00c9cosse\" \/><span class=\"wpcf7-list-item-label\">Nouvelle-\u00c9cosse<\/span><\/label><\/span><span class=\"wpcf7-list-item\"><label><input type=\"checkbox\" name=\"Regions[]\" value=\"Nunavut\" \/><span class=\"wpcf7-list-item-label\">Nunavut<\/span><\/label><\/span><span class=\"wpcf7-list-item\"><label><input type=\"checkbox\" name=\"Regions[]\" value=\"Ontario\" \/><span class=\"wpcf7-list-item-label\">Ontario<\/span><\/label><\/span><span class=\"wpcf7-list-item\"><label><input type=\"checkbox\" name=\"Regions[]\" value=\"\u00cele-du-Prince-\u00c9douard\" \/><span class=\"wpcf7-list-item-label\">\u00cele-du-Prince-\u00c9douard<\/span><\/label><\/span><span class=\"wpcf7-list-item\"><label><input type=\"checkbox\" name=\"Regions[]\" value=\"Qu\u00e9bec\" \/><span class=\"wpcf7-list-item-label\">Qu\u00e9bec<\/span><\/label><\/span><span class=\"wpcf7-list-item\"><label><input type=\"checkbox\" name=\"Regions[]\" value=\"Saskatchewan\" \/><span class=\"wpcf7-list-item-label\">Saskatchewan<\/span><\/label><\/span><span class=\"wpcf7-list-item last\"><label><input type=\"checkbox\" name=\"Regions[]\" value=\"Yukon\" \/><span class=\"wpcf7-list-item-label\">Yukon<\/span><\/label><\/span><\/span><\/span>\n\t<\/p>\n<\/div>\n<div class=\"column one\">\n<\/div>\n<div class=\"column one-second\">\n\t<p><label for=\"Number of Employees\"><strong>Nombre d\u2019employ\u00e9s<\/strong><br \/>\n<span class=\"wpcf7-form-control-wrap\" data-name=\"Numberofemployees\"><input size=\"40\" maxlength=\"400\" class=\"wpcf7-form-control wpcf7-text column one-second\" aria-invalid=\"false\" value=\"\" type=\"text\" name=\"Numberofemployees\" \/><\/span><\/label>\n\t<\/p>\n<\/div>\n<div class=\"column one-second\">\n\t<p><label for=\"Industry or Sector\"><strong>Industrie du secteur<\/strong><br \/>\n<span class=\"wpcf7-form-control-wrap\" data-name=\"IndustryorSector\"><input size=\"40\" maxlength=\"400\" class=\"wpcf7-form-control wpcf7-text column one-second\" aria-invalid=\"false\" value=\"\" type=\"text\" name=\"IndustryorSector\" \/><\/span><\/label>\n\t<\/p>\n<\/div>\n<div class=\"column one-second\">\n\t<p><strong>Niveau d\u2019abonnement (obligatoire)<\/strong>\n\t<\/p>\n\t<p><span class=\"wpcf7-form-control-wrap\" data-name=\"SubscriptionLevel\"><span class=\"wpcf7-form-control wpcf7-radio\"><span class=\"wpcf7-list-item first\"><label><input type=\"radio\" name=\"SubscriptionLevel\" value=\"Entreprises nationales\" \/><span class=\"wpcf7-list-item-label\">Entreprises nationales<\/span><\/label><\/span><span class=\"wpcf7-list-item\"><label><input type=\"radio\" name=\"SubscriptionLevel\" value=\"Entreprises provinciales\" \/><span class=\"wpcf7-list-item-label\">Entreprises provinciales<\/span><\/label><\/span><span class=\"wpcf7-list-item\"><label><input type=\"radio\" name=\"SubscriptionLevel\" value=\"Organismes \u00e0 but non lucratif\" \/><span class=\"wpcf7-list-item-label\">Organismes \u00e0 but non lucratif<\/span><\/label><\/span><span class=\"wpcf7-list-item last\"><label><input type=\"radio\" name=\"SubscriptionLevel\" value=\"Petite entreprise&lt;br&gt;\" \/><span class=\"wpcf7-list-item-label\">Petite entreprise&lt;br&gt;<\/span><\/label><\/span><\/span><\/span>\n\t<\/p>\n<\/div>\n<div class=\"column one-second\">\n\t<p><strong>Quelle est votre fr\u00e9quence de facturation pr\u00e9f\u00e9r\u00e9e? (obligatoire) <\/strong><br \/>\n<span class=\"wpcf7-form-control-wrap\" data-name=\"Billingfrequency\"><span class=\"wpcf7-form-control wpcf7-radio\"><span class=\"wpcf7-list-item first\"><label><input type=\"radio\" name=\"Billingfrequency\" value=\"Annuellement\" \/><span class=\"wpcf7-list-item-label\">Annuellement<\/span><\/label><\/span><span class=\"wpcf7-list-item\"><label><input type=\"radio\" name=\"Billingfrequency\" value=\"Trimestriellement\" \/><span class=\"wpcf7-list-item-label\">Trimestriellement<\/span><\/label><\/span><span class=\"wpcf7-list-item last\"><label><input type=\"radio\" name=\"Billingfrequency\" value=\"Mensuellement\" \/><span class=\"wpcf7-list-item-label\">Mensuellement<\/span><\/label><\/span><\/span><\/span>\n\t<\/p>\n<\/div>\n<div class=\"column one\">\n\t<p><label for=\"Upload your logo\"><strong>T\u00e9l\u00e9chargez votre logo<\/strong><br \/>\n<span class=\"wpcf7-form-control-wrap\" data-name=\"Uploadyourlogo\"><input size=\"40\" class=\"wpcf7-form-control wpcf7-file column one\" accept=\"audio\/*,video\/*,image\/*\" aria-invalid=\"false\" type=\"file\" name=\"Uploadyourlogo\" \/><\/span><\/label>\n\t<\/p>\n<\/div>\n<div class=\"column one\">\n\t<p><input class=\"wpcf7-form-control wpcf7-submit has-spinner\" type=\"submit\" value=\"Soumettre\" \/>\n\t<\/p>\n<\/div><div class=\"wpcf7-response-output\" aria-hidden=\"true\"><\/div>\n<\/form>\n<\/div>\n[\/vc_column][\/vc_row]<\/p>\n<\/div>","protected":false},"excerpt":{"rendered":"<p>[vc_row css=&#8221;.vc_custom_1743192941187{padding-top: 5% !important;}&#8221;][vc_column][vc_column_text css=&#8221;&#8221;] Niveaux d\u2019abonnement Petites entreprises Organisme \u00e0 but non lucratif Provincial Nationale Annuellement Tarifs personnalis\u00e9s &#8211; nous contacter 5 000 $ 7 500 $ 10 000 $ Trimestriellement Tarifs personnalis\u00e9s &#8211; nous contacter 1 375 $ 2 063 $ 2 750 $ Mensuellement Tarifs personnalis\u00e9s &#8211; nous contacter 500 $ 750 $ 1 000 $ *Tous les abonnements donnent droit \u00e0 un nombre illimit\u00e9 d&#8217;offres d&#8217;emploi.[\/vc_column_text][\/vc_column][\/vc_row][vc_row css=&#8221;.vc_custom_1620316459325{margin-top: 5% !important;margin-bottom: 40px !important;border-top-width:<\/p>\n","protected":false},"author":1,"featured_media":0,"parent":0,"menu_order":0,"comment_status":"closed","ping_status":"closed","template":"","meta":{"nf_dc_page":"","footnotes":""},"class_list":["post-22659","page","type-page","status-publish","hentry"],"_links":{"self":[{"href":"https:\/\/jobsability.ca\/fr\/wp-json\/wp\/v2\/pages\/22659","targetHints":{"allow":["GET"]}}],"collection":[{"href":"https:\/\/jobsability.ca\/fr\/wp-json\/wp\/v2\/pages"}],"about":[{"href":"https:\/\/jobsability.ca\/fr\/wp-json\/wp\/v2\/types\/page"}],"author":[{"embeddable":true,"href":"https:\/\/jobsability.ca\/fr\/wp-json\/wp\/v2\/users\/1"}],"replies":[{"embeddable":true,"href":"https:\/\/jobsability.ca\/fr\/wp-json\/wp\/v2\/comments?post=22659"}],"version-history":[{"count":0,"href":"https:\/\/jobsability.ca\/fr\/wp-json\/wp\/v2\/pages\/22659\/revisions"}],"wp:attachment":[{"href":"https:\/\/jobsability.ca\/fr\/wp-json\/wp\/v2\/media?parent=22659"}],"curies":[{"name":"wp","href":"https:\/\/api.w.org\/{rel}","templated":true}]}}