{"id":22924,"date":"2025-09-15T14:52:24","date_gmt":"2025-09-15T14:52:24","guid":{"rendered":"https:\/\/jobsability.ca\/emplois-a-impact\/"},"modified":"2026-04-21T14:36:10","modified_gmt":"2026-04-21T14:36:10","slug":"emplois-a-impact","status":"publish","type":"page","link":"https:\/\/jobsability.ca\/fr\/emplois-a-impact\/","title":{"rendered":"Emplois en vedette"},"content":{"rendered":"<div class=\"job_listings\" data-location=\"\" data-keywords=\"\" data-show_filters=\"true\" data-show_pagination=\"false\" data-per_page=\"10\" data-orderby=\"featured\" data-order=\"DESC\" data-categories=\"\" data-disable-form-state-storage=\"\" data-featured_first=\"false\" data-post_id=\"22924\" >\n<form class=\"job_filters\">\n\t\n\t<div class=\"search_jobs\">\n\t\t\n\t\t<div class=\"search_keywords\">\n\t\t\t<label for=\"search_keywords\">Mots-cl\u00e9s<\/label>\n\t\t\t<input type=\"text\" name=\"search_keywords\" id=\"search_keywords\" placeholder=\"Mots-cl\u00e9s\" value=\"\" \/>\n\t\t<\/div>\n\n\t\t<div class=\"search_location\">\n\t\t\t<label for=\"search_location\">Localisation<\/label>\n\t\t\t<input type=\"text\" name=\"search_location\" id=\"search_location\" placeholder=\"Localisation\" value=\"\" \/>\n\t\t<\/div>\n\n\t\t\t\t\t<div class=\"search_remote_position\">\n\t\t\t\t<input type=\"checkbox\" class=\"input-checkbox\" name=\"remote_position\" id=\"remote_position\" placeholder=\"Localisation\" value=\"1\"  \/>\n\t\t\t\t<label for=\"remote_position\" id=\"remote_position_label\">Postes en t\u00e9l\u00e9travail uniquement<\/label>\n\t\t\t<\/div>\n\t\t\n\t\t<div style=\"clear: both\"><\/div>\n\n\t\t\n\t\t\t\t\t<div class=\"search_submit\">\n\t\t\t\t<input type=\"submit\" value=\"Rechercher des offres d\u2019emploi\">\n\t\t\t<\/div>\n\t\t\n\t\t\t<\/div>\n\n\t\t<ul class=\"job_types\">\n\t\t\t\t\t<li><label for=\"job_type_a-distance\" class=\"a-distance\"><input type=\"checkbox\" name=\"filter_job_type[]\" value=\"a-distance\"  checked='checked' id=\"job_type_a-distance\" \/> \u00c0 distance<\/label><\/li>\n\t\t\t\t\t<li><label for=\"job_type_pigiste\" class=\"pigiste\"><input type=\"checkbox\" name=\"filter_job_type[]\" value=\"pigiste\"  checked='checked' id=\"job_type_pigiste\" \/> Pigiste<\/label><\/li>\n\t\t\t\t\t<li><label for=\"job_type_stage\" class=\"stage\"><input type=\"checkbox\" name=\"filter_job_type[]\" value=\"stage\"  checked='checked' id=\"job_type_stage\" \/> Stage<\/label><\/li>\n\t\t\t\t\t<li><label for=\"job_type_temporaire\" class=\"temporaire\"><input type=\"checkbox\" name=\"filter_job_type[]\" value=\"temporaire\"  checked='checked' id=\"job_type_temporaire\" \/> Temporaire<\/label><\/li>\n\t\t\t\t\t<li><label for=\"job_type_temps-partiel\" class=\"temps-partiel\"><input type=\"checkbox\" name=\"filter_job_type[]\" value=\"temps-partiel\"  checked='checked' id=\"job_type_temps-partiel\" \/> Temps partiel<\/label><\/li>\n\t\t\t\t\t<li><label for=\"job_type_temps-plein\" class=\"temps-plein\"><input type=\"checkbox\" name=\"filter_job_type[]\" value=\"temps-plein\"  checked='checked' id=\"job_type_temps-plein\" \/> Temps plein<\/label><\/li>\n\t\t\t<\/ul>\n\t<input type=\"hidden\" name=\"filter_job_type[]\" value=\"\" \/>\n<div class=\"showing_jobs\"><\/div><\/form>\n\n\n<noscript>Votre navigateur ne supporte pas JavaScript, ou bien JavaScript est d\u00e9sactiv\u00e9. JavaScript doit \u00eatre activ\u00e9 pour pouvoir visualiser des postes.<\/noscript>\n<ul class=\"job_listings\">\n<\/ul>\n<a class=\"load_more_jobs\" href=\"#\" style=\"display:none;\"><strong>Afficher plus d\u2019offres<\/strong><\/a><\/div>\n","protected":false},"excerpt":{"rendered":"Mots-cl\u00e9s Localisation Postes en t\u00e9l\u00e9travail uniquement \u00c0 distance Pigiste Stage Temporaire Temps partiel Temps plein Votre navigateur ne supporte pas JavaScript, ou bien JavaScript est d\u00e9sactiv\u00e9. JavaScript doit \u00eatre activ\u00e9 pour pouvoir visualiser des postes. Afficher plus d\u2019offres","protected":false},"author":1,"featured_media":0,"parent":0,"menu_order":0,"comment_status":"closed","ping_status":"closed","template":"","meta":{"nf_dc_page":"","footnotes":""},"class_list":["post-22924","page","type-page","status-publish","hentry"],"_links":{"self":[{"href":"https:\/\/jobsability.ca\/fr\/wp-json\/wp\/v2\/pages\/22924","targetHints":{"allow":["GET"]}}],"collection":[{"href":"https:\/\/jobsability.ca\/fr\/wp-json\/wp\/v2\/pages"}],"about":[{"href":"https:\/\/jobsability.ca\/fr\/wp-json\/wp\/v2\/types\/page"}],"author":[{"embeddable":true,"href":"https:\/\/jobsability.ca\/fr\/wp-json\/wp\/v2\/users\/1"}],"replies":[{"embeddable":true,"href":"https:\/\/jobsability.ca\/fr\/wp-json\/wp\/v2\/comments?post=22924"}],"version-history":[{"count":1,"href":"https:\/\/jobsability.ca\/fr\/wp-json\/wp\/v2\/pages\/22924\/revisions"}],"predecessor-version":[{"id":23075,"href":"https:\/\/jobsability.ca\/fr\/wp-json\/wp\/v2\/pages\/22924\/revisions\/23075"}],"wp:attachment":[{"href":"https:\/\/jobsability.ca\/fr\/wp-json\/wp\/v2\/media?parent=22924"}],"curies":[{"name":"wp","href":"https:\/\/api.w.org\/{rel}","templated":true}]}}