{"id":23044,"date":"2026-04-14T15:19:57","date_gmt":"2026-04-14T15:19:57","guid":{"rendered":"https:\/\/jobsability.ca\/?page_id=23044"},"modified":"2026-04-21T14:26:37","modified_gmt":"2026-04-21T14:26:37","slug":"ressources-pour-les-personnes-en-situation-de-handicap","status":"publish","type":"page","link":"https:\/\/jobsability.ca\/fr\/ressources-pour-les-personnes-en-situation-de-handicap\/","title":{"rendered":"Ressources pour les personnes en situation de handicap"},"content":{"rendered":"<div class=\"wpb-content-wrapper\"><p>[vc_row css=&#8221;.vc_custom_1618507871040{padding-top: 5% !important;padding-bottom: 3% !important;}&#8221;][vc_column][vc_column_text css=&#8221;&#8221;]<\/p>\n<h3><strong>7 conseils pour la r\u00e9daction d\u2019offres d\u2019emploi tr\u00e8s efficaces<\/strong><\/h3>\n<p>Cette liste de bonnes pratiques aidera les professionnels des ressources humaines \u00e0 attirer les meilleurs candidats en situation de handicap.<\/p>\n<div class=\"button_align align_left\"><a class=\"button  button_left button_size_2\" href=\"https:\/\/jobsability.ca\/wp-content\/uploads\/2021\/04\/ODEN_7_Tips_Job_Postings_10_09_2018_HR.pdf\"     style=\"background-color:#171D44!important;color:#FFF;\" target=\"_blank\"    title=\"\"><span class=\"button_icon\"><i class=\"icon-doc-text\"  style=\"color:#FFF!important;\" aria-hidden=\"true\"><\/i><\/span><span class=\"button_label\">7 conseils - Anglais<\/span><\/a><\/div>\n<div class=\"button_align align_left\"><a class=\"button  button_left button_size_2\" href=\"https:\/\/jobsability.ca\/wp-content\/uploads\/2021\/04\/ODEN-7-conseils-pour-la-redaction-doffers-demploi-FR.pdf\"     style=\"background-color:#171D44!important;color:#FFF;\" target=\"_blank\"    title=\"\"><span class=\"button_icon\"><i class=\"icon-doc-text\"  style=\"color:#FFF!important;\" aria-hidden=\"true\"><\/i><\/span><span class=\"button_label\">7 conseils - Fran\u00e7ais<\/span><\/a><\/div>\n<h3><strong>[break]<\/strong><\/h3>\n<h3><strong>Formation \u00e0 la sensibilisation et \u00e0 la confiance en mati\u00e8re de handicap (DACT)<\/strong><\/h3>\n<p> <strong>Investissez<\/strong> dans une formation de sensibilisation et de confiance en mati\u00e8re de handicap (DACT) pour tous les membres de votre organisation. Cette formation permettra \u00e0 votre \u00e9quipe d&#8217;aborder le handicap avec un \u00e9tat d&#8217;esprit et \u00e0 tous les membres de votre entreprise d&#8217;en b\u00e9n\u00e9ficier et de r\u00e9ussir. En savoir plus sur la formation de sensibilisation et de confiance en mati\u00e8re de handicap organis\u00e9e par le R\u00e9seau ontarien pour l&#8217;emploi des personnes handicap\u00e9es \u00e0 l&#8217;intention des entreprises.  <\/p>\n<div class=\"button_align align_left\"><a class=\"button  button_left button_size_2\" href=\"https:\/\/www.odenetwork.com\/training\/disability-awareness-and-confidence-training-for-business\/\"     style=\"background-color:#171D44!important;color:#FFF;\" target=\"_blank\"    title=\"\"><span class=\"button_icon\"><i class=\"icon-doc-text\"  style=\"color:#FFF!important;\" aria-hidden=\"true\"><\/i><\/span><span class=\"button_label\">DACT<\/span><\/a><\/div>\n\n<h3><strong>[break]<\/strong><\/h3>\n<h3><strong>Liste de contr\u00f4le pour le recrutement en ligne<\/strong><\/h3>\n<p>Ce document fournit des indications sur la mani\u00e8re de r\u00e9diger des offres d&#8217;emploi inclusives et de mener des entretiens accessibles. Ces informations contribueront \u00e0 \u00e9largir et \u00e0 accro\u00eetre votre vivier de candidats qualifi\u00e9s. <\/p>\n<div class=\"button_align align_left\"><a class=\"button  button_left button_size_2\" href=\"https:\/\/jobsability.ca\/wp-content\/uploads\/2021\/05\/eRecruiting-Tip-Sheet-EN.pdf\"     style=\"background-color:#171D44!important;color:#FFF;\" target=\"_blank\"    title=\"\"><span class=\"button_icon\"><i class=\"icon-doc-text\"  style=\"color:#FFF!important;\" aria-hidden=\"true\"><\/i><\/span><span class=\"button_label\">Fiche de conseils sur le recrutement en ligne - Anglais<\/span><\/a><\/div>\n<div class=\"button_align align_left\"><a class=\"button  button_left button_size_2\" href=\"https:\/\/jobsability.ca\/wp-content\/uploads\/2021\/05\/eRecruiting-Tip-Sheet-FR.pdf\"     style=\"background-color:#171D44!important;color:#FFF;\" target=\"_blank\"    title=\"\"><span class=\"button_icon\"><i class=\"icon-doc-text\"  style=\"color:#FFF!important;\" aria-hidden=\"true\"><\/i><\/span><span class=\"button_label\">Fiche de conseils sur le recrutement en ligne - Fran\u00e7ais<\/span><\/a><\/div>\n<h3><strong>[break]<\/strong><\/h3>\n<h3><strong>Guide pour un recrutement \u00e9lectronique accessible <\/strong><\/h3>\n<p>Ce guide vous aidera \u00e0 revoir et \u00e0 am\u00e9liorer vos processus de recrutement, d\u2019entrevue et d\u2019int\u00e9gration en ligne accessibles, afin de rendre vos efforts de recrutement en ligne plus fructueux.<\/p>\n<div class=\"button_align align_left\"><a class=\"button  button_left button_size_2\" href=\"https:\/\/www.odenetwork.com\/wp-content\/uploads\/2023\/12\/Accessible-eRecruiting-Guide-Final-March-16-2021-FINAL-ua.pdf\"     style=\"background-color:#171D44!important;color:#FFF;\" target=\"_blank\"    title=\"\"><span class=\"button_icon\"><i class=\"icon-doc-text\"  style=\"color:#FFF!important;\" aria-hidden=\"true\"><\/i><\/span><span class=\"button_label\">Guide du recrutement en ligne - Anglais<\/span><\/a><\/div>\n<div class=\"button_align align_left\"><a class=\"button  button_left button_size_2\" href=\"https:\/\/www.odenetwork.com\/wp-content\/uploads\/2023\/12\/FixedLink2Guide-du-recrutement-en-ligne-accessible-7December2023.pdf\"     style=\"background-color:#171D44!important;color:#FFF;\" target=\"_blank\"    title=\"\"><span class=\"button_icon\"><i class=\"icon-doc-text\"  style=\"color:#FFF!important;\" aria-hidden=\"true\"><\/i><\/span><span class=\"button_label\">Guide du recrutement en ligne - Fran\u00e7ais<\/span><\/a><\/div>\n<h3><strong>[break]<\/strong><\/h3>\n<h3><strong>Quiz sur les mythes <\/strong><\/h3>\n<p>D\u00e9couvrez si vous \u00eates un champion de la diversit\u00e9 et de l&#8217;inclusion (D&amp;I)! Testez vos connaissances sur les statistiques et les faits de D&amp;I en r\u00e9pondant \u00e0 notre quiz sur les mythes. <\/p>\n<div class=\"button_align align_left\"><a class=\"button  button_left button_size_2\" href=\"https:\/\/www.odenetwork.com\/disability-myth-quiz\"     style=\"background-color:#171D44!important;color:#FFF;\" target=\"_blank\"    title=\"\"><span class=\"button_icon\"><i class=\"icon-doc-text\"  style=\"color:#FFF!important;\" aria-hidden=\"true\"><\/i><\/span><span class=\"button_label\">Questionnaire sur les mythes <\/span><\/a><\/div>\n\n<h3><strong>[break]<\/strong><\/h3>\n<h3><strong>Balado \u00ab You Can\u2019t Spell Inclusion Without a D \u00bb, \u00c9pisode 4 : John Robinson sur le comment et le pourquoi de Jobs Ability Canada<\/strong><\/h3>\n<p>Si vous \u00eates \u00e0 un stade quelconque de votre parcours d&#8217;inclusion des personnes en situation de handicap dans votre entreprise, \u00e9coutez le nouvel \u00e9pisode aujourd&#8217;hui.<\/p>\n<p>Quelle belle conversation avec John Robinson, le fondateur d\u2019Our Ability.<\/p>\n<p>Merci \u00e0 John d&#8217;avoir partag\u00e9 ses connaissances sur la plateforme de recherche d&#8217;emploi Jobs Ability, bas\u00e9e sur l&#8217;IA, qui permet aux entreprises d&#8217;entrer facilement en contact avec des demandeurs d&#8217;emploi en situation de handicap.<\/p>\n<div class=\"button_align align_left\"><a class=\"button  button_left button_size_2\" href=\"https:\/\/youcantspellinclusionwithoutad.podbean.com\/e\/john-robinson-on-the-why-s-whats-and-wherefores-of-jobs-ability\"     style=\"background-color:#171D44!important;color:#FFF;\" target=\"_blank\"    title=\"\"><span class=\"button_icon\"><i class=\"icon-doc-text\"  style=\"color:#FFF!important;\" aria-hidden=\"true\"><\/i><\/span><span class=\"button_label\">Balado  <\/span><\/a><\/div>\n[\/vc_column_text][\/vc_column][\/vc_row]<\/p>\n<\/div>","protected":false},"excerpt":{"rendered":"<p>[vc_row css=&#8221;.vc_custom_1618507871040{padding-top: 5% !important;padding-bottom: 3% !important;}&#8221;][vc_column][vc_column_text css=&#8221;&#8221;] 7 conseils pour la r\u00e9daction d\u2019offres d\u2019emploi tr\u00e8s efficaces Cette liste de bonnes pratiques aidera les professionnels des ressources humaines \u00e0 attirer les meilleurs candidats en situation de handicap. [break] Formation \u00e0 la sensibilisation et \u00e0 la confiance en mati\u00e8re de handicap (DACT) Investissez dans une formation de sensibilisation et de confiance en mati\u00e8re de handicap (DACT) pour tous les membres de votre organisation. Cette formation permettra \u00e0<\/p>\n","protected":false},"author":4,"featured_media":0,"parent":0,"menu_order":0,"comment_status":"closed","ping_status":"closed","template":"","meta":{"nf_dc_page":"","footnotes":""},"class_list":["post-23044","page","type-page","status-publish","hentry"],"_links":{"self":[{"href":"https:\/\/jobsability.ca\/fr\/wp-json\/wp\/v2\/pages\/23044","targetHints":{"allow":["GET"]}}],"collection":[{"href":"https:\/\/jobsability.ca\/fr\/wp-json\/wp\/v2\/pages"}],"about":[{"href":"https:\/\/jobsability.ca\/fr\/wp-json\/wp\/v2\/types\/page"}],"author":[{"embeddable":true,"href":"https:\/\/jobsability.ca\/fr\/wp-json\/wp\/v2\/users\/4"}],"replies":[{"embeddable":true,"href":"https:\/\/jobsability.ca\/fr\/wp-json\/wp\/v2\/comments?post=23044"}],"version-history":[{"count":1,"href":"https:\/\/jobsability.ca\/fr\/wp-json\/wp\/v2\/pages\/23044\/revisions"}],"predecessor-version":[{"id":23068,"href":"https:\/\/jobsability.ca\/fr\/wp-json\/wp\/v2\/pages\/23044\/revisions\/23068"}],"wp:attachment":[{"href":"https:\/\/jobsability.ca\/fr\/wp-json\/wp\/v2\/media?parent=23044"}],"curies":[{"name":"wp","href":"https:\/\/api.w.org\/{rel}","templated":true}]}}